{"id":8222,"date":"2022-11-28T10:44:31","date_gmt":"2022-11-28T10:44:31","guid":{"rendered":"https:\/\/realitycostadelsol.cz\/diensten\/"},"modified":"2024-01-11T19:12:10","modified_gmt":"2024-01-11T19:12:10","slug":"diensten","status":"publish","type":"page","link":"https:\/\/realitycostadelsol.cz\/nl\/","title":{"rendered":"Diensten"},"content":{"rendered":"<p>[et_pb_section fb_built=&#8221;1&#8243; fullwidth=&#8221;on&#8221; admin_label=&#8221;Header Section&#8221; _builder_version=&#8221;4.20.2&#8243; background_color=&#8221;#000000&#8243; custom_padding=&#8221;|||&#8221; global_colors_info=&#8221;{}&#8221;][et_pb_fullwidth_header title=&#8221;U lokale ondersteuning aan de Costa del Sol&#8221; subhead=&#8221;Vind je tweede huis in Andalusi\u00eb&#8221; text_orientation=&#8221;center&#8221; header_fullscreen=&#8221;on&#8221; header_scroll_down=&#8221;on&#8221; scroll_down_icon=&#8221;%%2%%&#8221; scroll_down_icon_color=&#8221;#ffffff&#8221; button_one_text=&#8221;Wat ik voor je kan doen&#8221; button_one_url=&#8221;\/#diensten&#8221; content_max_width_last_edited=&#8221;off|desktop&#8221; admin_label=&#8221;Contents&#8221; _builder_version=&#8221;4.20.2&#8243; title_font=&#8221;|300|||||||&#8221; title_text_align=&#8221;center&#8221; title_text_color=&#8221;#000000&#8243; title_font_size=&#8221;70px&#8221; title_line_height=&#8221;1.1em&#8221; content_text_color=&#8221;#32a7f7&#8243; content_line_height=&#8221;1.7em&#8221; subhead_text_color=&#8221;#000000&#8243; subhead_font_size=&#8221;20px&#8221; subhead_letter_spacing=&#8221;1px&#8221; subhead_line_height=&#8221;1.9em&#8221; background_image=&#8221;https:\/\/realitycostadelsol.cz\/wp-content\/uploads\/2023\/03\/fotka-SP-Kris_01.jpg&#8221; custom_button_one=&#8221;on&#8221; button_one_text_color=&#8221;#FFFFFF&#8221; button_one_bg_color=&#8221;#1b3b87&#8243; button_one_border_color=&#8221;#1b3b87&#8243; animation_style=&#8221;fade&#8221; animation_starting_opacity=&#8221;50%&#8221; animation_speed_curve=&#8221;ease-in&#8221; title_font_size_tablet=&#8221;60px&#8221; title_font_size_phone=&#8221;40px&#8221; title_font_size_last_edited=&#8221;on|tablet&#8221; subhead_font_tablet=&#8221;&#8221; subhead_font_phone=&#8221;&#8221; subhead_font_last_edited=&#8221;on|desktop&#8221; custom_css_title=&#8221;background-color:rgba(255,255,255,0.79)!important;&#8221; custom_css_content=&#8221;background-color:rgba(255,255,255,0.79)!important;&#8221; custom_css_subtitle=&#8221;background-color:rgba(255,255,255,0.79)!important;&#8221; custom_css_button_1=&#8221;background-color: #1B3B87!important;&#8221; button_one_border_color_hover=&#8221;#c99872&#8243; button_one_border_radius_hover=&#8221;0px&#8221; button_one_letter_spacing_hover=&#8221;3px&#8221; button_one_bg_color_hover=&#8221;#c99872&#8243; global_colors_info=&#8221;{}&#8221; button_one_text_size__hover_enabled=&#8221;off&#8221; button_two_text_size__hover_enabled=&#8221;off&#8221; button_one_text_color__hover_enabled=&#8221;off&#8221; button_two_text_color__hover_enabled=&#8221;off&#8221; button_one_border_width__hover_enabled=&#8221;off&#8221; button_two_border_width__hover_enabled=&#8221;off&#8221; button_one_border_color__hover_enabled=&#8221;on&#8221; button_one_border_color__hover=&#8221;#ffffff&#8221; button_two_border_color__hover_enabled=&#8221;off&#8221; button_one_border_radius__hover_enabled=&#8221;on&#8221; button_one_border_radius__hover=&#8221;0px&#8221; button_two_border_radius__hover_enabled=&#8221;off&#8221; button_one_letter_spacing__hover_enabled=&#8221;on&#8221; button_one_letter_spacing__hover=&#8221;3px&#8221; button_two_letter_spacing__hover_enabled=&#8221;off&#8221; button_one_bg_color__hover_enabled=&#8221;on|hover&#8221; button_one_bg_color__hover=&#8221;#FFFFFF&#8221; button_two_bg_color__hover_enabled=&#8221;off&#8221; button_one_bg_enable_color__hover=&#8221;on&#8221;][\/et_pb_fullwidth_header][\/et_pb_section][et_pb_section fb_built=&#8221;1&#8243; admin_label=&#8221;Coffee Menu&#8221; module_id=&#8221;Diensten&#8221; _builder_version=&#8221;4.19.1&#8243; use_background_color_gradient=&#8221;on&#8221; background_color_gradient_stops=&#8221;#32a7f7 71%|#1b3b87 71%&#8221; custom_padding=&#8221;40px||100px||false|false&#8221; global_colors_info=&#8221;{}&#8221;][et_pb_row admin_label=&#8221;Koptekst&#8221; _builder_version=&#8221;4.16&#8243; module_alignment=&#8221;center&#8221; custom_padding=&#8221;40px|0px|1px|0px||&#8221; global_colors_info=&#8221;{}&#8221;][et_pb_column type=&#8221;4_4&#8243; _builder_version=&#8221;4.16&#8243; custom_padding=&#8221;|||&#8221; global_colors_info=&#8221;{}&#8221; custom_padding__hover=&#8221;|||&#8221;][et_pb_text admin_label=&#8221;Tittle&#8221; _builder_version=&#8221;4.20.0&#8243; text_font=&#8221;Nunito||||||||&#8221; text_font_size=&#8221;18px&#8221; text_line_height=&#8221;1.8em&#8221; header_font=&#8221;||||||||&#8221; header_2_text_align=&#8221;center&#8221; header_2_text_color=&#8221;#FFFFFF&#8221; header_2_letter_spacing=&#8221;1px&#8221; header_2_line_height=&#8221;1.5em&#8221; header_3_font=&#8221;||||||||&#8221; max_width=&#8221;600px&#8221; max_width_last_edited=&#8221;off|desktop&#8221; module_alignment=&#8221;center&#8221; custom_margin=&#8221;|||&#8221; global_colors_info=&#8221;{}&#8221;]<\/p>\n<h2>Wat ik voor je kan doen<\/h2>\n<p>[\/et_pb_text][et_pb_divider color=&#8221;#FFFFFF&#8221; divider_weight=&#8221;2px&#8221; disabled_on=&#8221;on|on|off&#8221; _builder_version=&#8221;4.19.4&#8243; max_width=&#8221;50px&#8221; module_alignment=&#8221;center&#8221; animation_style=&#8221;fade&#8221; global_colors_info=&#8221;{}&#8221;]<br \/>\n[\/et_pb_divider][\/et_pb_column][\/et_pb_row][et_pb_row use_custom_gutter=&#8221;on&#8221; gutter_width=&#8221;2&#8243; make_equal=&#8221;on&#8221; _builder_version=&#8221;4.19.1&#8243; custom_padding=&#8221;||2px|||&#8221; collapsed=&#8221;off&#8221; global_colors_info=&#8221;{}&#8221;][et_pb_column type=&#8221;4_4&#8243; _builder_version=&#8221;4.19.1&#8243; background_color=&#8221;#FFFFFF&#8221; custom_padding=&#8221;35px|35px|35px|35px|true|true&#8221; global_colors_info=&#8221;{}&#8221; custom_padding__hover=&#8221;|||&#8221;][et_pb_blurb title=&#8221;HET REGELEN VAN DE VERKOOP EN HET VINDEN VAN EEN GESCHIKTE WONING AAN DE ZUIDKUST VAN SPANJE&#8221; url=&#8221;https:\/\/realitycostadelsol.cz\/nl\/onroerend-goed\/&#8221; image_icon_width=&#8221;50px&#8221; content_max_width=&#8221;1300px&#8221; _builder_version=&#8221;4.20.2&#8243; _module_preset=&#8221;default&#8221; header_font=&#8221;|700|||||||&#8221; header_line_height=&#8221;1.4em&#8221; body_text_color=&#8221;rgba(0,0,0,0.66)&#8221; text_orientation=&#8221;center&#8221; custom_margin=&#8221;||-10px|||&#8221; link_option_url=&#8221;https:\/\/realitycostadelsol.cz\/nl\/onroerend-goed\/&#8221; global_colors_info=&#8221;{}&#8221;][\/et_pb_blurb][\/et_pb_column][\/et_pb_row][et_pb_row column_structure=&#8221;1_3,1_3,1_3&#8243; use_custom_gutter=&#8221;on&#8221; gutter_width=&#8221;2&#8243; make_equal=&#8221;on&#8221; _builder_version=&#8221;4.19.1&#8243; collapsed=&#8221;off&#8221; global_colors_info=&#8221;{}&#8221;][et_pb_column type=&#8221;1_3&#8243; _builder_version=&#8221;4.19.1&#8243; background_color=&#8221;#FFFFFF&#8221; custom_padding=&#8221;35px|35px|35px|35px|true|true&#8221; global_colors_info=&#8221;{}&#8221; custom_padding__hover=&#8221;|||&#8221;][et_pb_blurb title=&#8221;ONLINE RAADPLEGING&#8221; url=&#8221;https:\/\/realitycostadelsol.cz\/nl\/online-raadpleging\/&#8221; use_icon=&#8221;on&#8221; font_icon=&#8221;&#xf3cd;||fa||900&#8243; image_icon_width=&#8221;50px&#8221; _builder_version=&#8221;4.20.2&#8243; _module_preset=&#8221;default&#8221; header_font=&#8221;|700|||||||&#8221; body_text_color=&#8221;rgba(0,0,0,0.66)&#8221; text_orientation=&#8221;center&#8221; link_option_url=&#8221;https:\/\/realitycostadelsol.cz\/nl\/online-raadpleging\/&#8221; global_colors_info=&#8221;{}&#8221;]<\/p>\n<p>We kunnen gemakkelijk communiceren, waar je ook bent<\/p>\n<p>[\/et_pb_blurb][\/et_pb_column][et_pb_column type=&#8221;1_3&#8243; _builder_version=&#8221;4.16&#8243; background_color=&#8221;#FFFFFF&#8221; custom_padding=&#8221;35px|35px|35px|35px|true|true&#8221; global_colors_info=&#8221;{}&#8221; custom_padding__hover=&#8221;|||&#8221;][et_pb_blurb title=&#8221;VASTGOEDBEHEER&#8221; url=&#8221;https:\/\/realitycostadelsol.cz\/nl\/vastgoedbeheer\/&#8221; use_icon=&#8221;on&#8221; font_icon=&#8221;&#xe066;||fa||900&#8243; image_icon_width=&#8221;50px&#8221; _builder_version=&#8221;4.20.2&#8243; _module_preset=&#8221;default&#8221; header_font=&#8221;|700|||||||&#8221; body_text_color=&#8221;rgba(0,0,0,0.66)&#8221; text_orientation=&#8221;center&#8221; link_option_url=&#8221;https:\/\/realitycostadelsol.cz\/nl\/vastgoedbeheer\/&#8221; global_colors_info=&#8221;{}&#8221;]<\/p>\n<p>Ik zorg voor je eigendom,<br \/>zelfs als je nu niet in Spanje bent<\/p>\n<p>[\/et_pb_blurb][\/et_pb_column][et_pb_column type=&#8221;1_3&#8243; _builder_version=&#8221;4.16&#8243; background_color=&#8221;#FFFFFF&#8221; custom_padding=&#8221;35px|35px|35px|35px|true|true&#8221; global_colors_info=&#8221;{}&#8221; custom_padding__hover=&#8221;|||&#8221;][et_pb_blurb title=&#8221;ONDERSTEUNING TER PLAATSE&#8221; url=&#8221;https:\/\/realitycostadelsol.cz\/nl\/ondersteuning-ter-plaatse\/&#8221; use_icon=&#8221;on&#8221; font_icon=&#8221;&#xe0fd;||divi||400&#8243; image_icon_width=&#8221;50px&#8221; _builder_version=&#8221;4.20.2&#8243; _module_preset=&#8221;default&#8221; header_font=&#8221;|700|||||||&#8221; body_text_color=&#8221;rgba(0,0,0,0.66)&#8221; text_orientation=&#8221;center&#8221; link_option_url=&#8221;https:\/\/realitycostadelsol.cz\/nl\/ondersteuning-ter-plaatse\/&#8221; global_colors_info=&#8221;{}&#8221;]<\/p>\n<p>Ik zal je helpen om alles ter plaatse en met de autoriteiten te regelen<\/p>\n<p>[\/et_pb_blurb][\/et_pb_column][\/et_pb_row][\/et_pb_section][et_pb_section fb_built=&#8221;1&#8243; disabled_on=&#8221;on|on|on&#8221; _builder_version=&#8221;4.20.2&#8243; _module_preset=&#8221;default&#8221; custom_padding=&#8221;89px||5px|||&#8221; disabled=&#8221;on&#8221; global_colors_info=&#8221;{}&#8221;][et_pb_row _builder_version=&#8221;4.19.4&#8243; _module_preset=&#8221;default&#8221; width=&#8221;60%&#8221; custom_padding=&#8221;33px|20px|20px|20px|false|false&#8221; border_width_all=&#8221;1px&#8221; border_color_all=&#8221;#1b3b87&#8243; global_colors_info=&#8221;{}&#8221;][et_pb_column type=&#8221;4_4&#8243; _builder_version=&#8221;4.19.1&#8243; _module_preset=&#8221;default&#8221; global_colors_info=&#8221;{}&#8221;][et_pb_blurb title=&#8221;IK KAN DE AANKOOP VAN EEN HUIS IN COSTA DEL SOL REGELEN&#8221; use_icon=&#8221;on&#8221; font_icon=&#8221;&#xf084;||fa||900&#8243; image_icon_width=&#8221;50px&#8221; content_max_width=&#8221;800px&#8221; _builder_version=&#8221;4.19.5&#8243; _module_preset=&#8221;default&#8221; header_font=&#8221;|700|||||||&#8221; header_text_align=&#8221;center&#8221; body_text_color=&#8221;rgba(0,0,0,0.66)&#8221; global_colors_info=&#8221;{}&#8221;]<\/p>\n<ul>\n<li><strong>Ik zoek<\/strong> geschikte woningen voor je volgens jouw specificaties<\/li>\n<li><strong>Ik stel<\/strong> alle documenten op die betrekking hebben op de aankoop van onroerend goed<\/li>\n<li><strong>Ik kan je adviseren<\/strong> over juridische, fiscale en investeringskwesties met betrekking tot de aankoop van onroerend goed in Spanje<\/li>\n<li><strong>Ik zal<\/strong> bewezen professionals op het gebied van juridische en boekhoudkundige diensten <strong>aanbevelen<\/strong> <\/li>\n<li><strong>Ik bemiddel<\/strong> juridische diensten bij het indienen van een voorstel voor inschrijving in het kadaster en bij het ondertekenen van een bemiddeld koopcontract bij een notaris<\/li>\n<li><strong>Ik zorg voor<\/strong> vertalingen van het bemiddelde koopcontract en de notari\u00eble akte in het Tsjechisch, zodat je begrijpt wat je ondertekent.<\/li>\n<li><strong>Ik kan je helpen<\/strong> een nieuwe bankrekening te openen.<\/li>\n<li>Ik zal je helpen om je als nieuwe eigenaar in te schrijven voor water, elektriciteit, gas, nutsvoorzieningen, of in het geval van wooneenheden voor een woningco\u00f6peratie (beheermaatschappij van de urbanisatie of het gebouw), enz.<\/li>\n<li><strong>Ik zal<\/strong> met je <strong>afspreken<\/strong> om je in te schrijven (empadronado) bij de lokale overheid om je burgerschapsrechten te garanderen in de plaats waar je woont.<\/li>\n<li><strong>Ik kan je helpen<\/strong> bij het &#8220;inrichten&#8221; van het huis, verbouwingen of reparaties, inclusief het aanbevelen van een architect, vakman of bouwbedrijf.<\/li>\n<li><strong>Ik breng je in contact<\/strong> met lokale verhuurmakelaars<\/li>\n<\/ul>\n<p>[\/et_pb_blurb][\/et_pb_column][\/et_pb_row][\/et_pb_section][et_pb_section fb_built=&#8221;1&#8243; admin_label=&#8221;Footer&#8221; _builder_version=&#8221;4.20.2&#8243; background_color=&#8221;#c6e5ea&#8221; background_image=&#8221;https:\/\/realitycostadelsol.cz\/wp-content\/uploads\/2022\/10\/grass-g6d0b5217c_1920.jpg&#8221; custom_margin=&#8221;90px|60px|30px|60px|false|false&#8221; custom_margin_tablet=&#8221;&#8221; custom_margin_phone=&#8221;0px|0px|0px|0px&#8221; custom_margin_last_edited=&#8221;on|phone&#8221; global_module=&#8221;144&#8243; saved_tabs=&#8221;all&#8221; collapsed=&#8221;off&#8221; global_colors_info=&#8221;{}&#8221;][et_pb_row _builder_version=&#8221;4.16&#8243; global_colors_info=&#8221;{}&#8221;][et_pb_column type=&#8221;4_4&#8243; _builder_version=&#8221;4.16&#8243; custom_padding=&#8221;40px|||&#8221; global_colors_info=&#8221;{}&#8221; custom_padding__hover=&#8221;|||&#8221;][et_pb_button _builder_version=&#8221;4.16&#8243; _module_preset=&#8221;default&#8221; global_colors_info=&#8221;{}&#8221;][\/et_pb_button][et_pb_cta title=&#8221;Ik ben er voor jou&#8221; button_url=&#8221;https:\/\/realitycostadelsol.cz\/nl\/neem-contact-op-met\/&#8221; button_text=&#8221;Neem contact met mij op&#8221; _builder_version=&#8221;4.20.2&#8243; _module_preset=&#8221;default&#8221; header_font=&#8221;|700|||||||&#8221; background_enable_color=&#8221;off&#8221; custom_button=&#8221;on&#8221; button_bg_color=&#8221;#1b3b87&#8243; button_border_width=&#8221;0px&#8221; button_border_color=&#8221;#1b3b87&#8243; global_colors_info=&#8221;{}&#8221;][\/et_pb_cta][\/et_pb_column][\/et_pb_row][\/et_pb_section][et_pb_section fb_built=&#8221;1&#8243; admin_label=&#8221;Footer&#8221; _builder_version=&#8221;4.19.0&#8243; custom_margin=&#8221;0px|0px|0px|0px|false|true&#8221; custom_margin_tablet=&#8221;&#8221; custom_margin_phone=&#8221;0px|0px|0px|0px&#8221; custom_margin_last_edited=&#8221;on|phone&#8221; custom_padding=&#8221;0px||0px||false|false&#8221; global_module=&#8221;153&#8243; saved_tabs=&#8221;all&#8221; collapsed=&#8221;off&#8221; global_colors_info=&#8221;{}&#8221;][et_pb_row _builder_version=&#8221;4.19.0&#8243; _module_preset=&#8221;default&#8221; global_colors_info=&#8221;{}&#8221;][et_pb_column type=&#8221;4_4&#8243; _builder_version=&#8221;4.19.0&#8243; _module_preset=&#8221;default&#8221; global_colors_info=&#8221;{}&#8221;][et_pb_social_media_follow _builder_version=&#8221;4.20.2&#8243; _module_preset=&#8221;default&#8221; text_orientation=&#8221;center&#8221; width_tablet=&#8221;&#8221; width_phone=&#8221;&#8221; width_last_edited=&#8221;on|desktop&#8221; border_radii=&#8221;on|50%|50%|50%|50%&#8221; global_colors_info=&#8221;{}&#8221;][et_pb_social_media_follow_network social_network=&#8221;linkedin&#8221; url=&#8221;http:\/\/www.linkedin.com\/in\/jana-horakova-spanelsko&#8221; _builder_version=&#8221;4.19.0&#8243; _module_preset=&#8221;default&#8221; background_color=&#8221;#52a7e0&#8243; background_enable_color=&#8221;on&#8221; global_colors_info=&#8221;{}&#8221; follow_button=&#8221;off&#8221; url_new_window=&#8221;on&#8221;]linkedin[\/et_pb_social_media_follow_network][et_pb_social_media_follow_network social_network=&#8221;facebook&#8221; url=&#8221;https:\/\/www.facebook.com\/RealityCostadelSol&#8221; _builder_version=&#8221;4.20.2&#8243; _module_preset=&#8221;default&#8221; background_color=&#8221;#3b5998&#8243; global_colors_info=&#8221;{}&#8221; follow_button=&#8221;off&#8221; url_new_window=&#8221;on&#8221;]facebook[\/et_pb_social_media_follow_network][et_pb_social_media_follow_network social_network=&#8221;instagram&#8221; url=&#8221;https:\/\/www.instagram.com\/realitycostadelsol\/&#8221; _builder_version=&#8221;4.20.2&#8243; _module_preset=&#8221;default&#8221; background_color=&#8221;#ea2c59&#8243; global_colors_info=&#8221;{}&#8221; follow_button=&#8221;off&#8221; url_new_window=&#8221;on&#8221;]instagram[\/et_pb_social_media_follow_network][\/et_pb_social_media_follow][\/et_pb_column][\/et_pb_row][\/et_pb_section]<\/p>\n","protected":false},"excerpt":{"rendered":"<p>Wat ik voor je kan doen We kunnen gemakkelijk communiceren, waar je ook bentIk zorg voor je eigendom,zelfs als je nu niet in Spanje bentIk zal je helpen om alles ter plaatse en met de autoriteiten te regelen Ik zoek geschikte woningen voor je volgens jouw specificaties Ik stel alle documenten op die betrekking hebben [&hellip;]<\/p>\n","protected":false},"author":1,"featured_media":0,"parent":0,"menu_order":0,"comment_status":"closed","ping_status":"closed","template":"","meta":{"_et_pb_use_builder":"on","_et_pb_old_content":"","_et_gb_content_width":"","footnotes":""},"class_list":["post-8222","page","type-page","status-publish","hentry"],"yoast_head":"<!-- This site is optimized with the Yoast SEO plugin v27.5 - https:\/\/yoast.com\/product\/yoast-seo-wordpress\/ -->\n<title>Diensten - Reality Costa del Sol<\/title>\n<meta name=\"description\" content=\"Tsjechische ondersteuning aan de Costa del Sol | Vind een tweede huis in Andalusi\u00eb | ON-LINE ADVIES | BEHEER VAN EIGENDOM | ON-SITE SUPPORT\" \/>\n<meta name=\"robots\" content=\"index, follow, max-snippet:-1, max-image-preview:large, max-video-preview:-1\" \/>\n<link rel=\"canonical\" href=\"https:\/\/realitycostadelsol.cz\/nl\/\" \/>\n<meta property=\"og:locale\" content=\"nl_NL\" \/>\n<meta property=\"og:type\" content=\"article\" \/>\n<meta property=\"og:title\" content=\"Onroerend goed Costa del Sol | Jana Hor\u00e1kov\u00e1\" \/>\n<meta property=\"og:description\" content=\"Tsjechische ondersteuning aan de Costa del Sol | Vind een tweede huis in Andalusi\u00eb | ON-LINE ADVIES | BEHEER VAN EIGENDOM | ON-SITE SUPPORT\" \/>\n<meta property=\"og:url\" content=\"https:\/\/realitycostadelsol.cz\/nl\/\" \/>\n<meta property=\"og:site_name\" content=\"Reality Costa del Sol\" \/>\n<meta property=\"article:modified_time\" content=\"2024-01-11T19:12:10+00:00\" \/>\n<meta property=\"og:image\" content=\"https:\/\/realitycostadelsol.cz\/wp-content\/uploads\/2023\/01\/soc_nahled-1024x635.jpg\" \/>\n<meta name=\"twitter:card\" content=\"summary_large_image\" \/>\n<meta name=\"twitter:title\" content=\"Onroerend goed Costa del Sol | Jana Hor\u00e1kov\u00e1\" \/>\n<meta name=\"twitter:description\" content=\"Tsjechische ondersteuning aan de Costa del Sol | Vind een tweede huis in Andalusi\u00eb | ON-LINE ADVIES | BEHEER VAN EIGENDOM | ON-SITE SUPPORT\" \/>\n<meta name=\"twitter:image\" content=\"https:\/\/realitycostadelsol.cz\/wp-content\/uploads\/2023\/01\/soc_nahled-1024x635.jpg\" \/>\n<meta name=\"twitter:label1\" content=\"Geschatte leestijd\" \/>\n\t<meta name=\"twitter:data1\" content=\"9 minuten\" \/>\n<script type=\"application\/ld+json\" class=\"yoast-schema-graph\">{\"@context\":\"https:\\\/\\\/schema.org\",\"@graph\":[{\"@type\":\"WebPage\",\"@id\":\"https:\\\/\\\/realitycostadelsol.cz\\\/nl\\\/\",\"url\":\"https:\\\/\\\/realitycostadelsol.cz\\\/nl\\\/\",\"name\":\"Diensten - Reality Costa del Sol\",\"isPartOf\":{\"@id\":\"https:\\\/\\\/realitycostadelsol.cz\\\/nl\\\/#website\"},\"datePublished\":\"2022-11-28T10:44:31+00:00\",\"dateModified\":\"2024-01-11T19:12:10+00:00\",\"description\":\"Tsjechische ondersteuning aan de Costa del Sol | Vind een tweede huis in Andalusi\u00eb | ON-LINE ADVIES | BEHEER VAN EIGENDOM | ON-SITE SUPPORT\",\"breadcrumb\":{\"@id\":\"https:\\\/\\\/realitycostadelsol.cz\\\/nl\\\/#breadcrumb\"},\"inLanguage\":\"nl-NL\",\"potentialAction\":[{\"@type\":\"ReadAction\",\"target\":[\"https:\\\/\\\/realitycostadelsol.cz\\\/nl\\\/\"]}]},{\"@type\":\"BreadcrumbList\",\"@id\":\"https:\\\/\\\/realitycostadelsol.cz\\\/nl\\\/#breadcrumb\",\"itemListElement\":[{\"@type\":\"ListItem\",\"position\":1,\"name\":\"Dom\u016f\",\"item\":\"https:\\\/\\\/realitycostadelsol.cz\\\/nl\\\/\"},{\"@type\":\"ListItem\",\"position\":2,\"name\":\"Diensten\"}]},{\"@type\":\"WebSite\",\"@id\":\"https:\\\/\\\/realitycostadelsol.cz\\\/nl\\\/#website\",\"url\":\"https:\\\/\\\/realitycostadelsol.cz\\\/nl\\\/\",\"name\":\"Reality Costa del Sol\",\"description\":\"Prodej a pron&aacute;jem reality ve &Scaron;pan\u011blsku\",\"potentialAction\":[{\"@type\":\"SearchAction\",\"target\":{\"@type\":\"EntryPoint\",\"urlTemplate\":\"https:\\\/\\\/realitycostadelsol.cz\\\/nl\\\/?s={search_term_string}\"},\"query-input\":{\"@type\":\"PropertyValueSpecification\",\"valueRequired\":true,\"valueName\":\"search_term_string\"}}],\"inLanguage\":\"nl-NL\"}]}<\/script>\n<!-- \/ Yoast SEO plugin. -->","yoast_head_json":{"title":"Diensten - Reality Costa del Sol","description":"Tsjechische ondersteuning aan de Costa del Sol | Vind een tweede huis in Andalusi\u00eb | ON-LINE ADVIES | BEHEER VAN EIGENDOM | ON-SITE SUPPORT","robots":{"index":"index","follow":"follow","max-snippet":"max-snippet:-1","max-image-preview":"max-image-preview:large","max-video-preview":"max-video-preview:-1"},"canonical":"https:\/\/realitycostadelsol.cz\/nl\/","og_locale":"nl_NL","og_type":"article","og_title":"Onroerend goed Costa del Sol | Jana Hor\u00e1kov\u00e1","og_description":"Tsjechische ondersteuning aan de Costa del Sol | Vind een tweede huis in Andalusi\u00eb | ON-LINE ADVIES | BEHEER VAN EIGENDOM | ON-SITE SUPPORT","og_url":"https:\/\/realitycostadelsol.cz\/nl\/","og_site_name":"Reality Costa del Sol","article_modified_time":"2024-01-11T19:12:10+00:00","og_image":[{"url":"https:\/\/realitycostadelsol.cz\/wp-content\/uploads\/2023\/01\/soc_nahled-1024x635.jpg","type":"","width":"","height":""}],"twitter_card":"summary_large_image","twitter_title":"Onroerend goed Costa del Sol | Jana Hor\u00e1kov\u00e1","twitter_description":"Tsjechische ondersteuning aan de Costa del Sol | Vind een tweede huis in Andalusi\u00eb | ON-LINE ADVIES | BEHEER VAN EIGENDOM | ON-SITE SUPPORT","twitter_image":"https:\/\/realitycostadelsol.cz\/wp-content\/uploads\/2023\/01\/soc_nahled-1024x635.jpg","twitter_misc":{"Geschatte leestijd":"9 minuten"},"schema":{"@context":"https:\/\/schema.org","@graph":[{"@type":"WebPage","@id":"https:\/\/realitycostadelsol.cz\/nl\/","url":"https:\/\/realitycostadelsol.cz\/nl\/","name":"Diensten - Reality Costa del Sol","isPartOf":{"@id":"https:\/\/realitycostadelsol.cz\/nl\/#website"},"datePublished":"2022-11-28T10:44:31+00:00","dateModified":"2024-01-11T19:12:10+00:00","description":"Tsjechische ondersteuning aan de Costa del Sol | Vind een tweede huis in Andalusi\u00eb | ON-LINE ADVIES | BEHEER VAN EIGENDOM | ON-SITE SUPPORT","breadcrumb":{"@id":"https:\/\/realitycostadelsol.cz\/nl\/#breadcrumb"},"inLanguage":"nl-NL","potentialAction":[{"@type":"ReadAction","target":["https:\/\/realitycostadelsol.cz\/nl\/"]}]},{"@type":"BreadcrumbList","@id":"https:\/\/realitycostadelsol.cz\/nl\/#breadcrumb","itemListElement":[{"@type":"ListItem","position":1,"name":"Dom\u016f","item":"https:\/\/realitycostadelsol.cz\/nl\/"},{"@type":"ListItem","position":2,"name":"Diensten"}]},{"@type":"WebSite","@id":"https:\/\/realitycostadelsol.cz\/nl\/#website","url":"https:\/\/realitycostadelsol.cz\/nl\/","name":"Reality Costa del Sol","description":"Prodej a pron&aacute;jem reality ve &Scaron;pan\u011blsku","potentialAction":[{"@type":"SearchAction","target":{"@type":"EntryPoint","urlTemplate":"https:\/\/realitycostadelsol.cz\/nl\/?s={search_term_string}"},"query-input":{"@type":"PropertyValueSpecification","valueRequired":true,"valueName":"search_term_string"}}],"inLanguage":"nl-NL"}]}},"_links":{"self":[{"href":"https:\/\/realitycostadelsol.cz\/nl\/wp-json\/wp\/v2\/pages\/8222","targetHints":{"allow":["GET"]}}],"collection":[{"href":"https:\/\/realitycostadelsol.cz\/nl\/wp-json\/wp\/v2\/pages"}],"about":[{"href":"https:\/\/realitycostadelsol.cz\/nl\/wp-json\/wp\/v2\/types\/page"}],"author":[{"embeddable":true,"href":"https:\/\/realitycostadelsol.cz\/nl\/wp-json\/wp\/v2\/users\/1"}],"replies":[{"embeddable":true,"href":"https:\/\/realitycostadelsol.cz\/nl\/wp-json\/wp\/v2\/comments?post=8222"}],"version-history":[{"count":5,"href":"https:\/\/realitycostadelsol.cz\/nl\/wp-json\/wp\/v2\/pages\/8222\/revisions"}],"predecessor-version":[{"id":9433,"href":"https:\/\/realitycostadelsol.cz\/nl\/wp-json\/wp\/v2\/pages\/8222\/revisions\/9433"}],"wp:attachment":[{"href":"https:\/\/realitycostadelsol.cz\/nl\/wp-json\/wp\/v2\/media?parent=8222"}],"curies":[{"name":"wp","href":"https:\/\/api.w.org\/{rel}","templated":true}]}}