{"id":8265,"date":"2022-12-29T16:54:30","date_gmt":"2022-12-29T16:54:30","guid":{"rendered":"https:\/\/realitycostadelsol.cz\/consulta-en-linea\/"},"modified":"2023-11-03T19:04:36","modified_gmt":"2023-11-03T19:04:36","slug":"consulta-en-linea","status":"publish","type":"page","link":"https:\/\/realitycostadelsol.cz\/es\/consulta-en-linea\/","title":{"rendered":"CONSULTA EN L\u00cdNEA"},"content":{"rendered":"<p>[et_pb_section fb_built=\u00bb1&#8243; admin_label=\u00bbCoffee Menu\u00bb module_id=\u00bbServicios\u00bb _builder_version=\u00bb4.19.4&#8243; use_background_color_gradient=\u00bbon\u00bb background_color_gradient_stops=\u00bb#32a7f7 71%|#1b3b87 71%\u00bb width=\u00bb100%\u00bb custom_padding=\u00bb40px||100px||false|false\u00bb global_colors_info=\u00bb{}\u00bb][et_pb_row admin_label=\u00bbEncabezado de secci\u00f3n\u00bb _builder_version=\u00bb4.16&#8243; module_alignment=\u00bbcenter\u00bb custom_padding=\u00bb40px|0px|40px|0px\u00bb global_colors_info=\u00bb{}\u00bb][et_pb_column type=\u00bb4_4&#8243; _builder_version=\u00bb4.16&#8243; custom_padding=\u00bb|||\u00bb global_colors_info=\u00bb{}\u00bb custom_padding__hover=\u00bb|||\u00bb][et_pb_text admin_label=\u00bbTittle\u00bb _builder_version=\u00bb4.20.0&#8243; text_font=\u00bbNunito||||||||\u00bb text_font_size=\u00bb18px\u00bb text_line_height=\u00bb1.8em\u00bb header_font=\u00bb||||||||\u00bb header_text_align=\u00bbcenter\u00bb header_text_color=\u00bb#FFFFFF\u00bb header_2_text_align=\u00bbcenter\u00bb header_2_text_color=\u00bb#FFFFFF\u00bb header_2_letter_spacing=\u00bb1px\u00bb header_2_line_height=\u00bb1.5em\u00bb header_3_font=\u00bb||||||||\u00bb max_width=\u00bb600px\u00bb max_width_last_edited=\u00bboff|desktop\u00bb module_alignment=\u00bbcenter\u00bb custom_margin=\u00bb|||\u00bb global_colors_info=\u00bb{}\u00bb]<\/p>\n<h1>Consulta en l\u00ednea<\/h1>\n<p>[\/et_pb_text][et_pb_divider color=\u00bb#FFFFFF\u00bb divider_weight=\u00bb2px\u00bb disabled_on=\u00bbon|on|off\u00bb _builder_version=\u00bb4.19.4&#8243; max_width=\u00bb50px\u00bb module_alignment=\u00bbcenter\u00bb animation_style=\u00bbfade\u00bb global_colors_info=\u00bb{}\u00bb][\/et_pb_divider][\/et_pb_column][\/et_pb_row][et_pb_row use_custom_gutter=\u00bbon\u00bb gutter_width=\u00bb2&#8243; make_equal=\u00bbon\u00bb disabled_on=\u00bboff|off|off\u00bb _builder_version=\u00bb4.20.2&#8243; width=\u00bb50%\u00bb width_tablet=\u00bb50%\u00bb width_phone=\u00bb90%\u00bb width_last_edited=\u00bbon|desktop\u00bb collapsed=\u00bboff\u00bb global_colors_info=\u00bb{}\u00bb][et_pb_column type=\u00bb4_4&#8243; _builder_version=\u00bb4.16&#8243; background_color=\u00bb#FFFFFF\u00bb custom_padding=\u00bb25px|25px|25px|25px|true|true\u00bb global_colors_info=\u00bb{}\u00bb custom_padding__hover=\u00bb|||\u00bb][et_pb_blurb use_icon=\u00bbon\u00bb font_icon=\u00bb&#xf3cd;||fa||900&#8243; image_icon_width=\u00bb50px\u00bb _builder_version=\u00bb4.20.2&#8243; _module_preset=\u00bbdefault\u00bb header_font=\u00bb|700|||||||\u00bb header_text_align=\u00bbcenter\u00bb body_text_color=\u00bbrgba(0,0,0,0.66)\u00bb hover_enabled=\u00bb0&#8243; global_colors_info=\u00bb{}\u00bb custom_padding=\u00bb||20px||false|false\u00bb sticky_enabled=\u00bb0&#8243;]<\/p>\n<p><strong>\u00bfQuiere hacerse una idea clara de lo que supone comprar una vivienda en la costa sur de Espa\u00f1a?<\/strong><\/p>\n<p>Puedo ayudarle a<strong> ahorrar tiempo, dinero y nervios con las consultas en l\u00ednea<\/strong>.<\/p>\n<p>Durante la consulta <strong>,<\/strong> podr\u00e1 hacerse una idea <strong>m\u00e1s<\/strong> clara de si Espa\u00f1a es el lugar id\u00f3neo para comprar la propiedad de sus sue\u00f1os, su residencia de verano o su casa para todo el a\u00f1o.<\/p>\n<p><strong><\/strong><\/p>\n<p><strong><\/strong><\/p>\n<p><strong>Conozca el terreno<\/strong><\/p>\n<p>Puedo ayudarle a orientarse gracias a mi experiencia profesional y al hecho de que llevo varios a\u00f1os viviendo y haciendo negocios aqu\u00ed. Sin un <strong>conocimiento<\/strong> m\u00e1s profundo <strong>del entorno, las condiciones locales y la legislaci\u00f3n<\/strong>, su idea puede diferir de la realidad.<\/p>\n<p>&nbsp;<\/p>\n<p><b>\u00bfQu\u00e9 podemos debatir juntos?<\/b><\/p>\n<ul>\n<li><strong>selecci\u00f3n de una ubicaci\u00f3n adecuada<\/strong>  &#8211; la diferencia entre partes espec\u00edficas de la Costa del Sol, la distancia al mar, la distancia al aeropuerto, la accesibilidad al transporte y la facilidad de servicio de una ubicaci\u00f3n espec\u00edfica (incluyendo la frecuencia y la intensidad con la que desea utilizar su coche), la diferencia entre propiedades urbanas y rurales, la diferencia de precio entre las propiedades con vistas al mar y las que no,<\/li>\n<li><strong>tipo de propiedad<\/strong> &#8211; apartamento o casa, n\u00famero de dormitorios, propiedad moderna o tipo de urbanizaci\u00f3n m\u00e1s antigua, instalaciones de la urbanizaci\u00f3n (en el sentido de complejo de apartamentos: piscina, pistas de tenis, etc.),<\/li>\n<li><strong>precios de los inmuebles<\/strong>: la diferencia de precios en distintos lugares de la costa y seg\u00fan el tipo de inmueble, las condiciones de las reformas y su precio,<\/li>\n<li><strong>Color local<\/strong>: \u00abc\u00f3mo se vive aqu\u00ed\u00bb, composici\u00f3n de la comunidad local (hay m\u00e1s aut\u00f3ctonos o extranjeros en la zona), compras y precios de bienes de consumo y energ\u00eda, sistema educativo p\u00fablico y privado, actividades de ocio,<\/li>\n<li><strong>gesti\u00f3n de<\/strong> la propiedad &#8211; opciones de alquiler, opciones para gestionar y controlar la propiedad en ausencia del propietario, impuestos y tasas locales, obligaciones y derechos de los propietarios en Espa\u00f1a, mantenimiento y reparaciones,<\/li>\n<li><strong>obligaciones a la hora de comprar una propiedad<\/strong>: la necesidad de documentar su propia cuenta bancaria en Espa\u00f1a, un n\u00famero de identificaci\u00f3n fiscal \u00fanico para extranjeros (NIE) y mucho m\u00e1s,<\/li>\n<li><strong>Seguridad<\/strong>: okupas y riesgos asociados a las propiedades vac\u00edas, prevenci\u00f3n de riesgos de seguridad asociados a la propiedad extranjera de inmuebles, opciones de gesti\u00f3n de la propiedad, \u00edndice de delincuencia en la localidad,<\/li>\n<\/ul>\n<p><strong><\/strong><\/p>\n<p><strong><\/strong><\/p>\n<p><strong>Comparto con ustedes mi experiencia profesional y personal internacional<\/strong><\/p>\n<p><strong>Durante la consulta en l\u00ednea <\/strong>estar\u00e9 encantada de compartir con usted <strong>mi experiencia<\/strong> de la vida cotidiana en un pa\u00eds extranjero, la gesti\u00f3n de una urbanizaci\u00f3n de 5* en Marbella, el alquiler de un apartamento, la compra de su propia propiedad, los tr\u00e1mites con el banco, la inscripci\u00f3n de su hijo en la guarder\u00eda y en la escuela, la b\u00fasqueda de artesanos, la protecci\u00f3n de su propiedad contra los ocupantes ilegales, etc.<\/p>\n<p>Tambi\u00e9n estar\u00e9 encantada de compartir con usted mi amplia experiencia internacional. En el pasado he trabajado en Grecia, Malta, Portugal, las Islas Canarias y cerca de Barcelona, y ahora vivo en la soleada Andaluc\u00eda, a las afueras de Estepona.<\/p>\n<p>&nbsp;<\/p>\n<p><strong>Sus ideas frente a la realidad<\/strong><\/p>\n<p>Cada vez son m\u00e1s las personas con las que me re\u00fano que se plantean<span style=\"font-size: 15px;\"> comprar una propiedad junto al mar. <\/span><strong style=\"font-size: 15px;\">Estar\u00e9 encantada de asesorarle y discutir con usted su plan antes de que decida comprar o trasladarse al extranjero.<\/strong><\/p>\n<p>Puede ser una<strong> decisi\u00f3n de vida<\/strong> con mucha administraci\u00f3n y responsabilidades. En Espa\u00f1a, cuando se compra una propiedad, se pagan unas tasas adicionales de alrededor del 9-11% sobre el precio de compra. En la Rep\u00fablica Checa es relativamente f\u00e1cil adquirir bienes inmuebles y es posible venderlos sin grandes dificultades ni p\u00e9rdidas. En la Costa del Sol la situaci\u00f3n es diferente.<\/p>\n<p>&nbsp;<\/p>\n<p><strong>Creo que es fundamental ser claro desde el principio:<\/strong><\/p>\n<ul>\n<li>d\u00f3nde desea comprar la propiedad<\/li>\n<li>el precio de la propiedad<\/li>\n<li>el uso de la vivienda (vacaciones ocasionales para usted y su familia, otra vivienda de alquiler o vac\u00eda durante el a\u00f1o)<\/li>\n<li>el importe de las cuotas mensuales a la Administraci\u00f3n de Urbanizaciones, etc.<\/li>\n<\/ul>\n<p><strong style=\"font-size: 15px;\"><\/strong><\/p>\n<p><strong style=\"font-size: 15px;\"><\/strong><\/p>\n<div style=\"background-color: #ced1d4; padding: 10px 20px;\">Soy una compa\u00f1era fiable, profesional y discreta para ti.<strong style=\"font-size: 15px;\"><br \/><\/strong>Conozco bien toda la zona y las condiciones locales.<br \/><span style=\"text-decoration: underline;\"><span style=\"color: #575757;\"><a href=\"http:\/\/www.realitycostadelsol.cz\/kontakt\/\" style=\"color: #575757; text-decoration: underline;\">Estar\u00e9 <strong>encantada de ayudarte<\/strong> en lo que necesites.<\/a><\/span><\/span><\/div>\n<p>[\/et_pb_blurb][\/et_pb_column][\/et_pb_row][\/et_pb_section][et_pb_section fb_built=\u00bb1&#8243; admin_label=\u00bbFooter\u00bb _builder_version=\u00bb4.20.2&#8243; background_color=\u00bb#c6e5ea\u00bb background_image=\u00bbhttps:\/\/realitycostadelsol.cz\/wp-content\/uploads\/2022\/10\/grass-g6d0b5217c_1920.jpg\u00bb custom_margin=\u00bb90px|60px|30px|60px|false|false\u00bb custom_margin_tablet=\u00bb\u00bb custom_margin_phone=\u00bb0px|0px|0px|0px\u00bb custom_margin_last_edited=\u00bbon|phone\u00bb global_module=\u00bb144&#8243; saved_tabs=\u00bball\u00bb collapsed=\u00bboff\u00bb global_colors_info=\u00bb{}\u00bb][et_pb_row _builder_version=\u00bb4.16&#8243; global_colors_info=\u00bb{}\u00bb][et_pb_column type=\u00bb4_4&#8243; _builder_version=\u00bb4.16&#8243; custom_padding=\u00bb40px|||\u00bb global_colors_info=\u00bb{}\u00bb custom_padding__hover=\u00bb|||\u00bb][et_pb_button _builder_version=\u00bb4.16&#8243; _module_preset=\u00bbdefault\u00bb global_colors_info=\u00bb{}\u00bb][\/et_pb_button][et_pb_cta title=\u00bbEstoy aqu\u00ed para ti\u00bb button_url=\u00bbhttps:\/\/realitycostadelsol.cz\/es\/pongase-en-contacto-con\/\u00bb button_text=\u00bbP\u00f3ngase en contacto conmigo\u00bb _builder_version=\u00bb4.20.2&#8243; _module_preset=\u00bbdefault\u00bb header_font=\u00bb|700|||||||\u00bb background_enable_color=\u00bboff\u00bb custom_button=\u00bbon\u00bb button_bg_color=\u00bb#1b3b87&#8243; button_border_width=\u00bb0px\u00bb button_border_color=\u00bb#1b3b87&#8243; global_colors_info=\u00bb{}\u00bb][\/et_pb_cta][\/et_pb_column][\/et_pb_row][\/et_pb_section][et_pb_section fb_built=\u00bb1&#8243; admin_label=\u00bbFooter\u00bb _builder_version=\u00bb4.19.0&#8243; custom_margin=\u00bb0px|0px|0px|0px|false|true\u00bb custom_margin_tablet=\u00bb\u00bb custom_margin_phone=\u00bb0px|0px|0px|0px\u00bb custom_margin_last_edited=\u00bbon|phone\u00bb custom_padding=\u00bb0px||0px||false|false\u00bb global_module=\u00bb153&#8243; saved_tabs=\u00bball\u00bb collapsed=\u00bboff\u00bb global_colors_info=\u00bb{}\u00bb][et_pb_row _builder_version=\u00bb4.19.0&#8243; _module_preset=\u00bbdefault\u00bb global_colors_info=\u00bb{}\u00bb][et_pb_column type=\u00bb4_4&#8243; _builder_version=\u00bb4.19.0&#8243; _module_preset=\u00bbdefault\u00bb global_colors_info=\u00bb{}\u00bb][et_pb_social_media_follow _builder_version=\u00bb4.20.2&#8243; _module_preset=\u00bbdefault\u00bb text_orientation=\u00bbcenter\u00bb width_tablet=\u00bb\u00bb width_phone=\u00bb\u00bb width_last_edited=\u00bbon|desktop\u00bb border_radii=\u00bbon|50%|50%|50%|50%\u00bb global_colors_info=\u00bb{}\u00bb][et_pb_social_media_follow_network social_network=\u00bblinkedin\u00bb url=\u00bbhttp:\/\/www.linkedin.com\/in\/jana-horakova-spanelsko\u00bb _builder_version=\u00bb4.19.0&#8243; _module_preset=\u00bbdefault\u00bb background_color=\u00bb#52a7e0&#8243; background_enable_color=\u00bbon\u00bb global_colors_info=\u00bb{}\u00bb follow_button=\u00bboff\u00bb url_new_window=\u00bbon\u00bb]linkedin[\/et_pb_social_media_follow_network][et_pb_social_media_follow_network social_network=\u00bbfacebook\u00bb url=\u00bbhttps:\/\/www.facebook.com\/RealityCostadelSol\u00bb _builder_version=\u00bb4.20.2&#8243; _module_preset=\u00bbdefault\u00bb background_color=\u00bb#3b5998&#8243; global_colors_info=\u00bb{}\u00bb follow_button=\u00bboff\u00bb url_new_window=\u00bbon\u00bb]facebook[\/et_pb_social_media_follow_network][et_pb_social_media_follow_network social_network=\u00bbinstagram\u00bb url=\u00bbhttps:\/\/www.instagram.com\/realitycostadelsol\/\u00bb _builder_version=\u00bb4.20.2&#8243; _module_preset=\u00bbdefault\u00bb background_color=\u00bb#ea2c59&#8243; global_colors_info=\u00bb{}\u00bb follow_button=\u00bboff\u00bb url_new_window=\u00bbon\u00bb]instagram[\/et_pb_social_media_follow_network][\/et_pb_social_media_follow][\/et_pb_column][\/et_pb_row][\/et_pb_section]<\/p>\n","protected":false},"excerpt":{"rendered":"<p>Consulta en l\u00ednea\u00bfQuiere hacerse una idea clara de lo que supone comprar una vivienda en la costa sur de Espa\u00f1a? Puedo ayudarle a ahorrar tiempo, dinero y nervios con las consultas en l\u00ednea. Durante la consulta , podr\u00e1 hacerse una idea m\u00e1s clara de si Espa\u00f1a es el lugar id\u00f3neo para comprar la propiedad de [&hellip;]<\/p>\n","protected":false},"author":1,"featured_media":0,"parent":0,"menu_order":0,"comment_status":"closed","ping_status":"closed","template":"","meta":{"_et_pb_use_builder":"on","_et_pb_old_content":"","_et_gb_content_width":"","footnotes":""},"class_list":["post-8265","page","type-page","status-publish","hentry"],"yoast_head":"<!-- This site is optimized with the Yoast SEO plugin v27.5 - https:\/\/yoast.com\/product\/yoast-seo-wordpress\/ -->\n<title>CONSULTA EN L\u00cdNEA - Reality Costa del Sol<\/title>\n<meta name=\"robots\" content=\"index, follow, max-snippet:-1, max-image-preview:large, max-video-preview:-1\" \/>\n<link rel=\"canonical\" href=\"https:\/\/realitycostadelsol.cz\/es\/consulta-en-linea\/\" \/>\n<meta property=\"og:locale\" content=\"es_ES\" \/>\n<meta property=\"og:type\" content=\"article\" \/>\n<meta property=\"og:title\" content=\"CONSULTA EN L\u00cdNEA - Reality Costa del Sol\" \/>\n<meta property=\"og:description\" content=\"Consulta en l\u00ednea\u00bfQuiere hacerse una idea clara de lo que supone comprar una vivienda en la costa sur de Espa\u00f1a? Puedo ayudarle a ahorrar tiempo, dinero y nervios con las consultas en l\u00ednea. Durante la consulta , podr\u00e1 hacerse una idea m\u00e1s clara de si Espa\u00f1a es el lugar id\u00f3neo para comprar la propiedad de [&hellip;]\" \/>\n<meta property=\"og:url\" content=\"https:\/\/realitycostadelsol.cz\/es\/consulta-en-linea\/\" \/>\n<meta property=\"og:site_name\" content=\"Reality Costa del Sol\" \/>\n<meta property=\"article:modified_time\" content=\"2023-11-03T19:04:36+00:00\" \/>\n<meta name=\"twitter:card\" content=\"summary_large_image\" \/>\n<meta name=\"twitter:label1\" content=\"Tiempo de lectura\" \/>\n\t<meta name=\"twitter:data1\" content=\"7 minutos\" \/>\n<script type=\"application\/ld+json\" class=\"yoast-schema-graph\">{\"@context\":\"https:\\\/\\\/schema.org\",\"@graph\":[{\"@type\":\"WebPage\",\"@id\":\"https:\\\/\\\/realitycostadelsol.cz\\\/es\\\/consulta-en-linea\\\/\",\"url\":\"https:\\\/\\\/realitycostadelsol.cz\\\/es\\\/consulta-en-linea\\\/\",\"name\":\"CONSULTA EN L\u00cdNEA - Reality Costa del Sol\",\"isPartOf\":{\"@id\":\"https:\\\/\\\/realitycostadelsol.cz\\\/es\\\/#website\"},\"datePublished\":\"2022-12-29T16:54:30+00:00\",\"dateModified\":\"2023-11-03T19:04:36+00:00\",\"breadcrumb\":{\"@id\":\"https:\\\/\\\/realitycostadelsol.cz\\\/es\\\/consulta-en-linea\\\/#breadcrumb\"},\"inLanguage\":\"es\",\"potentialAction\":[{\"@type\":\"ReadAction\",\"target\":[\"https:\\\/\\\/realitycostadelsol.cz\\\/es\\\/consulta-en-linea\\\/\"]}]},{\"@type\":\"BreadcrumbList\",\"@id\":\"https:\\\/\\\/realitycostadelsol.cz\\\/es\\\/consulta-en-linea\\\/#breadcrumb\",\"itemListElement\":[{\"@type\":\"ListItem\",\"position\":1,\"name\":\"Dom\u016f\",\"item\":\"https:\\\/\\\/realitycostadelsol.cz\\\/es\\\/\"},{\"@type\":\"ListItem\",\"position\":2,\"name\":\"CONSULTA EN L\u00cdNEA\"}]},{\"@type\":\"WebSite\",\"@id\":\"https:\\\/\\\/realitycostadelsol.cz\\\/es\\\/#website\",\"url\":\"https:\\\/\\\/realitycostadelsol.cz\\\/es\\\/\",\"name\":\"Reality Costa del Sol\",\"description\":\"Prodej a pron&aacute;jem reality ve &Scaron;pan\u011blsku\",\"potentialAction\":[{\"@type\":\"SearchAction\",\"target\":{\"@type\":\"EntryPoint\",\"urlTemplate\":\"https:\\\/\\\/realitycostadelsol.cz\\\/es\\\/?s={search_term_string}\"},\"query-input\":{\"@type\":\"PropertyValueSpecification\",\"valueRequired\":true,\"valueName\":\"search_term_string\"}}],\"inLanguage\":\"es\"}]}<\/script>\n<!-- \/ Yoast SEO plugin. -->","yoast_head_json":{"title":"CONSULTA EN L\u00cdNEA - Reality Costa del Sol","robots":{"index":"index","follow":"follow","max-snippet":"max-snippet:-1","max-image-preview":"max-image-preview:large","max-video-preview":"max-video-preview:-1"},"canonical":"https:\/\/realitycostadelsol.cz\/es\/consulta-en-linea\/","og_locale":"es_ES","og_type":"article","og_title":"CONSULTA EN L\u00cdNEA - Reality Costa del Sol","og_description":"Consulta en l\u00ednea\u00bfQuiere hacerse una idea clara de lo que supone comprar una vivienda en la costa sur de Espa\u00f1a? Puedo ayudarle a ahorrar tiempo, dinero y nervios con las consultas en l\u00ednea. Durante la consulta , podr\u00e1 hacerse una idea m\u00e1s clara de si Espa\u00f1a es el lugar id\u00f3neo para comprar la propiedad de [&hellip;]","og_url":"https:\/\/realitycostadelsol.cz\/es\/consulta-en-linea\/","og_site_name":"Reality Costa del Sol","article_modified_time":"2023-11-03T19:04:36+00:00","twitter_card":"summary_large_image","twitter_misc":{"Tiempo de lectura":"7 minutos"},"schema":{"@context":"https:\/\/schema.org","@graph":[{"@type":"WebPage","@id":"https:\/\/realitycostadelsol.cz\/es\/consulta-en-linea\/","url":"https:\/\/realitycostadelsol.cz\/es\/consulta-en-linea\/","name":"CONSULTA EN L\u00cdNEA - Reality Costa del Sol","isPartOf":{"@id":"https:\/\/realitycostadelsol.cz\/es\/#website"},"datePublished":"2022-12-29T16:54:30+00:00","dateModified":"2023-11-03T19:04:36+00:00","breadcrumb":{"@id":"https:\/\/realitycostadelsol.cz\/es\/consulta-en-linea\/#breadcrumb"},"inLanguage":"es","potentialAction":[{"@type":"ReadAction","target":["https:\/\/realitycostadelsol.cz\/es\/consulta-en-linea\/"]}]},{"@type":"BreadcrumbList","@id":"https:\/\/realitycostadelsol.cz\/es\/consulta-en-linea\/#breadcrumb","itemListElement":[{"@type":"ListItem","position":1,"name":"Dom\u016f","item":"https:\/\/realitycostadelsol.cz\/es\/"},{"@type":"ListItem","position":2,"name":"CONSULTA EN L\u00cdNEA"}]},{"@type":"WebSite","@id":"https:\/\/realitycostadelsol.cz\/es\/#website","url":"https:\/\/realitycostadelsol.cz\/es\/","name":"Reality Costa del Sol","description":"Prodej a pron&aacute;jem reality ve &Scaron;pan\u011blsku","potentialAction":[{"@type":"SearchAction","target":{"@type":"EntryPoint","urlTemplate":"https:\/\/realitycostadelsol.cz\/es\/?s={search_term_string}"},"query-input":{"@type":"PropertyValueSpecification","valueRequired":true,"valueName":"search_term_string"}}],"inLanguage":"es"}]}},"_links":{"self":[{"href":"https:\/\/realitycostadelsol.cz\/es\/wp-json\/wp\/v2\/pages\/8265","targetHints":{"allow":["GET"]}}],"collection":[{"href":"https:\/\/realitycostadelsol.cz\/es\/wp-json\/wp\/v2\/pages"}],"about":[{"href":"https:\/\/realitycostadelsol.cz\/es\/wp-json\/wp\/v2\/types\/page"}],"author":[{"embeddable":true,"href":"https:\/\/realitycostadelsol.cz\/es\/wp-json\/wp\/v2\/users\/1"}],"replies":[{"embeddable":true,"href":"https:\/\/realitycostadelsol.cz\/es\/wp-json\/wp\/v2\/comments?post=8265"}],"version-history":[{"count":2,"href":"https:\/\/realitycostadelsol.cz\/es\/wp-json\/wp\/v2\/pages\/8265\/revisions"}],"predecessor-version":[{"id":8268,"href":"https:\/\/realitycostadelsol.cz\/es\/wp-json\/wp\/v2\/pages\/8265\/revisions\/8268"}],"wp:attachment":[{"href":"https:\/\/realitycostadelsol.cz\/es\/wp-json\/wp\/v2\/media?parent=8265"}],"curies":[{"name":"wp","href":"https:\/\/api.w.org\/{rel}","templated":true}]}}