{"id":8227,"date":"2022-12-29T16:55:22","date_gmt":"2022-12-29T16:55:22","guid":{"rendered":"https:\/\/realitycostadelsol.cz\/gestion-inmobiliaria\/"},"modified":"2023-11-03T19:04:28","modified_gmt":"2023-11-03T19:04:28","slug":"gestion-inmobiliaria","status":"publish","type":"page","link":"https:\/\/realitycostadelsol.cz\/es\/gestion-inmobiliaria\/","title":{"rendered":"GESTI\u00d3N INMOBILIARIA"},"content":{"rendered":"<p>[et_pb_section fb_built=\u00bb1&#8243; admin_label=\u00bbCoffee Menu\u00bb module_id=\u00bbServicios\u00bb _builder_version=\u00bb4.19.4&#8243; use_background_color_gradient=\u00bbon\u00bb background_color_gradient_stops=\u00bb#32a7f7 71%|#1b3b87 71%\u00bb custom_padding=\u00bb40px||100px||false|false\u00bb global_colors_info=\u00bb{}\u00bb][et_pb_row admin_label=\u00bbEncabezado de secci\u00f3n\u00bb _builder_version=\u00bb4.16&#8243; module_alignment=\u00bbcenter\u00bb custom_padding=\u00bb40px|0px|40px|0px\u00bb global_colors_info=\u00bb{}\u00bb][et_pb_column type=\u00bb4_4&#8243; _builder_version=\u00bb4.16&#8243; custom_padding=\u00bb|||\u00bb global_colors_info=\u00bb{}\u00bb custom_padding__hover=\u00bb|||\u00bb][et_pb_text admin_label=\u00bbTittle\u00bb _builder_version=\u00bb4.19.4&#8243; text_font=\u00bbNunito||||||||\u00bb text_font_size=\u00bb18px\u00bb text_line_height=\u00bb1.8em\u00bb header_font=\u00bb||||||||\u00bb header_text_align=\u00bbcenter\u00bb header_text_color=\u00bb#FFFFFF\u00bb header_2_text_align=\u00bbcenter\u00bb header_2_text_color=\u00bb#FFFFFF\u00bb header_2_letter_spacing=\u00bb1px\u00bb header_2_line_height=\u00bb1.5em\u00bb header_3_font=\u00bb||||||||\u00bb max_width=\u00bb600px\u00bb max_width_last_edited=\u00bboff|desktop\u00bb module_alignment=\u00bbcenter\u00bb custom_margin=\u00bb|||\u00bb global_colors_info=\u00bb{}\u00bb]<\/p>\n<h1>Gesti\u00f3n de la propiedad<\/h1>\n<p>[\/et_pb_text][et_pb_divider color=\u00bb#FFFFFF\u00bb divider_weight=\u00bb2px\u00bb disabled_on=\u00bbon|on|off\u00bb _builder_version=\u00bb4.19.4&#8243; max_width=\u00bb50px\u00bb module_alignment=\u00bbcenter\u00bb animation_style=\u00bbfade\u00bb global_colors_info=\u00bb{}\u00bb][\/et_pb_divider][\/et_pb_column][\/et_pb_row][et_pb_row use_custom_gutter=\u00bbon\u00bb gutter_width=\u00bb2&#8243; make_equal=\u00bbon\u00bb _builder_version=\u00bb4.19.4&#8243; width=\u00bb50%\u00bb width_tablet=\u00bb50%\u00bb width_phone=\u00bb90%\u00bb width_last_edited=\u00bbon|desktop\u00bb collapsed=\u00bboff\u00bb global_colors_info=\u00bb{}\u00bb][et_pb_column type=\u00bb4_4&#8243; _builder_version=\u00bb4.16&#8243; background_color=\u00bb#FFFFFF\u00bb custom_padding=\u00bb25px|25px|25px|25px|true|true\u00bb global_colors_info=\u00bb{}\u00bb custom_padding__hover=\u00bb|||\u00bb][et_pb_blurb use_icon=\u00bbon\u00bb font_icon=\u00bb&#xe066;||fa||900&#8243; image_icon_width=\u00bb50px\u00bb _builder_version=\u00bb4.20.2&#8243; _module_preset=\u00bbdefault\u00bb header_font=\u00bb|700|||||||\u00bb header_text_align=\u00bbcenter\u00bb body_text_color=\u00bbrgba(0,0,0,0.66)\u00bb hover_enabled=\u00bb0&#8243; global_colors_info=\u00bb{}\u00bb custom_padding=\u00bb||20px||false|false\u00bb sticky_enabled=\u00bb0&#8243;]<\/p>\n<p><strong>\u00bfNecesita que alguien cuide de su propiedad cuando usted no est\u00e1?<\/strong><\/p>\n<p>Estar\u00e9 encantado de ayudarle.<\/p>\n<p><strong><\/strong><\/p>\n<p><strong>\u00bfEn qu\u00e9 consiste la gesti\u00f3n inmobiliaria?<\/strong><\/p>\n<ul>\n<li><strong>comprobar<\/strong> las propiedades vac\u00edas o incluso alquiladas al menos una vez al mes<\/li>\n<li>asistencia en la selecci\u00f3n de artesanos de confianza y supervisi\u00f3n durante la ejecuci\u00f3n.<\/li>\n<li><strong>limpieza<\/strong> &#8211; ayuda para elegir personal dom\u00e9stico de confianza<\/li>\n<li><strong>\u00abcustodia de llaves<\/strong> \u00ab: asistencia y apoyo en la entrega de llaves y puesta a disposici\u00f3n de la propiedad a petici\u00f3n suya.<\/li>\n<li><strong>comprobar el buz\u00f3n<\/strong> y recibir el correo (un buz\u00f3n lleno indica que no ha habido nadie en la propiedad durante mucho tiempo)<\/li>\n<\/ul>\n<p>Llevo<strong> 15 a\u00f1os<\/strong> alquilando, vendiendo y gestionando propiedades<strong> en Praga<\/strong>. En mi residencia actual en la Costa del Sol, una gran parte de las propiedades junto al mar <strong>no son utilizadas por los propietarios<\/strong> durante todo el a\u00f1o. Por eso cuido de sus propiedades en su ausencia. Compruebo la propiedad con regularidad. Si es necesario, arreglo con terceros las reparaciones, la limpieza, etc.<\/p>\n<p><strong><\/strong><\/p>\n<div style=\"background-color: #ced1d4; padding: 10px 20px;\"><strong><\/strong>Soy una compa\u00f1era fiable, profesional y discreta para ti.<br \/>Conozco bien toda la zona y las condiciones locales.<br \/><span style=\"text-decoration: underline; color: #575757;\"><a href=\"www.realitycostadelsol.cz\/kontakt\/\" style=\"color: #575757;\"><strong>Estar\u00e9 encantado de ayudarle tambi\u00e9n con la gesti\u00f3n de su propiedad.<\/strong><\/a><\/span><strong><a href=\"www.realitycostadelsol.cz\/kontakt\/\"><\/a><br \/><\/strong><\/div>\n<p>[\/et_pb_blurb][\/et_pb_column][\/et_pb_row][\/et_pb_section][et_pb_section fb_built=\u00bb1&#8243; admin_label=\u00bbFooter\u00bb _builder_version=\u00bb4.20.2&#8243; background_color=\u00bb#c6e5ea\u00bb background_image=\u00bbhttps:\/\/realitycostadelsol.cz\/wp-content\/uploads\/2022\/10\/grass-g6d0b5217c_1920.jpg\u00bb custom_margin=\u00bb90px|60px|30px|60px|false|false\u00bb custom_margin_tablet=\u00bb\u00bb custom_margin_phone=\u00bb0px|0px|0px|0px\u00bb custom_margin_last_edited=\u00bbon|phone\u00bb global_module=\u00bb144&#8243; saved_tabs=\u00bball\u00bb collapsed=\u00bboff\u00bb global_colors_info=\u00bb{}\u00bb][et_pb_row _builder_version=\u00bb4.16&#8243; global_colors_info=\u00bb{}\u00bb][et_pb_column type=\u00bb4_4&#8243; _builder_version=\u00bb4.16&#8243; custom_padding=\u00bb40px|||\u00bb global_colors_info=\u00bb{}\u00bb custom_padding__hover=\u00bb|||\u00bb][et_pb_button _builder_version=\u00bb4.16&#8243; _module_preset=\u00bbdefault\u00bb global_colors_info=\u00bb{}\u00bb][\/et_pb_button][et_pb_cta title=\u00bbEstoy aqu\u00ed para ti\u00bb button_url=\u00bbhttps:\/\/realitycostadelsol.cz\/kontakt\/\u00bb button_text=\u00bbP\u00f3ngase en contacto conmigo\u00bb _builder_version=\u00bb4.20.2&#8243; _module_preset=\u00bbdefault\u00bb header_font=\u00bb|700|||||||\u00bb background_enable_color=\u00bboff\u00bb custom_button=\u00bbon\u00bb button_bg_color=\u00bb#1b3b87&#8243; button_border_width=\u00bb0px\u00bb button_border_color=\u00bb#1b3b87&#8243; global_colors_info=\u00bb{}\u00bb][\/et_pb_cta][\/et_pb_column][\/et_pb_row][\/et_pb_section][et_pb_section fb_built=\u00bb1&#8243; admin_label=\u00bbFooter\u00bb _builder_version=\u00bb4.19.0&#8243; custom_margin=\u00bb0px|0px|0px|0px|false|true\u00bb custom_margin_tablet=\u00bb\u00bb custom_margin_phone=\u00bb0px|0px|0px|0px\u00bb custom_margin_last_edited=\u00bbon|phone\u00bb custom_padding=\u00bb0px||0px||false|false\u00bb global_module=\u00bb153&#8243; saved_tabs=\u00bball\u00bb collapsed=\u00bboff\u00bb global_colors_info=\u00bb{}\u00bb][et_pb_row _builder_version=\u00bb4.19.0&#8243; _module_preset=\u00bbdefault\u00bb global_colors_info=\u00bb{}\u00bb][et_pb_column type=\u00bb4_4&#8243; _builder_version=\u00bb4.19.0&#8243; _module_preset=\u00bbdefault\u00bb global_colors_info=\u00bb{}\u00bb][et_pb_social_media_follow _builder_version=\u00bb4.20.2&#8243; _module_preset=\u00bbdefault\u00bb text_orientation=\u00bbcenter\u00bb width_tablet=\u00bb\u00bb width_phone=\u00bb\u00bb width_last_edited=\u00bbon|desktop\u00bb border_radii=\u00bbon|50%|50%|50%|50%\u00bb global_colors_info=\u00bb{}\u00bb][et_pb_social_media_follow_network social_network=\u00bblinkedin\u00bb url=\u00bbhttp:\/\/www.linkedin.com\/in\/jana-horakova-spanelsko\u00bb _builder_version=\u00bb4.19.0&#8243; _module_preset=\u00bbdefault\u00bb background_color=\u00bb#52a7e0&#8243; background_enable_color=\u00bbon\u00bb global_colors_info=\u00bb{}\u00bb follow_button=\u00bboff\u00bb url_new_window=\u00bbon\u00bb]linkedin[\/et_pb_social_media_follow_network][et_pb_social_media_follow_network social_network=\u00bbfacebook\u00bb url=\u00bbhttps:\/\/www.facebook.com\/RealityCostadelSol\u00bb _builder_version=\u00bb4.20.2&#8243; _module_preset=\u00bbdefault\u00bb background_color=\u00bb#3b5998&#8243; global_colors_info=\u00bb{}\u00bb follow_button=\u00bboff\u00bb url_new_window=\u00bbon\u00bb]facebook[\/et_pb_social_media_follow_network][et_pb_social_media_follow_network social_network=\u00bbinstagram\u00bb url=\u00bbhttps:\/\/www.instagram.com\/realitycostadelsol\/\u00bb _builder_version=\u00bb4.20.2&#8243; _module_preset=\u00bbdefault\u00bb background_color=\u00bb#ea2c59&#8243; global_colors_info=\u00bb{}\u00bb follow_button=\u00bboff\u00bb url_new_window=\u00bbon\u00bb]instagram[\/et_pb_social_media_follow_network][\/et_pb_social_media_follow][\/et_pb_column][\/et_pb_row][\/et_pb_section]<\/p>\n","protected":false},"excerpt":{"rendered":"<p>Gesti\u00f3n de la propiedad\u00bfNecesita que alguien cuide de su propiedad cuando usted no est\u00e1? Estar\u00e9 encantado de ayudarle. \u00bfEn qu\u00e9 consiste la gesti\u00f3n inmobiliaria? comprobar las propiedades vac\u00edas o incluso alquiladas al menos una vez al mes asistencia en la selecci\u00f3n de artesanos de confianza y supervisi\u00f3n durante la ejecuci\u00f3n. limpieza &#8211; ayuda para elegir [&hellip;]<\/p>\n","protected":false},"author":1,"featured_media":0,"parent":0,"menu_order":0,"comment_status":"closed","ping_status":"closed","template":"","meta":{"_et_pb_use_builder":"on","_et_pb_old_content":"","_et_gb_content_width":"","footnotes":""},"class_list":["post-8227","page","type-page","status-publish","hentry"],"yoast_head":"<!-- This site is optimized with the Yoast SEO plugin v27.5 - https:\/\/yoast.com\/product\/yoast-seo-wordpress\/ -->\n<title>GESTI\u00d3N INMOBILIARIA - Reality Costa del Sol<\/title>\n<meta name=\"robots\" content=\"index, follow, max-snippet:-1, max-image-preview:large, max-video-preview:-1\" \/>\n<link rel=\"canonical\" href=\"https:\/\/realitycostadelsol.cz\/es\/gestion-inmobiliaria\/\" \/>\n<meta property=\"og:locale\" content=\"es_ES\" \/>\n<meta property=\"og:type\" content=\"article\" \/>\n<meta property=\"og:title\" content=\"GESTI\u00d3N INMOBILIARIA - Reality Costa del Sol\" \/>\n<meta property=\"og:description\" content=\"Gesti\u00f3n de la propiedad\u00bfNecesita que alguien cuide de su propiedad cuando usted no est\u00e1? Estar\u00e9 encantado de ayudarle. \u00bfEn qu\u00e9 consiste la gesti\u00f3n inmobiliaria? comprobar las propiedades vac\u00edas o incluso alquiladas al menos una vez al mes asistencia en la selecci\u00f3n de artesanos de confianza y supervisi\u00f3n durante la ejecuci\u00f3n. limpieza - ayuda para elegir [&hellip;]\" \/>\n<meta property=\"og:url\" content=\"https:\/\/realitycostadelsol.cz\/es\/gestion-inmobiliaria\/\" \/>\n<meta property=\"og:site_name\" content=\"Reality Costa del Sol\" \/>\n<meta property=\"article:modified_time\" content=\"2023-11-03T19:04:28+00:00\" \/>\n<meta name=\"twitter:card\" content=\"summary_large_image\" \/>\n<meta name=\"twitter:label1\" content=\"Tiempo de lectura\" \/>\n\t<meta name=\"twitter:data1\" content=\"4 minutos\" \/>\n<script type=\"application\/ld+json\" class=\"yoast-schema-graph\">{\"@context\":\"https:\\\/\\\/schema.org\",\"@graph\":[{\"@type\":\"WebPage\",\"@id\":\"https:\\\/\\\/realitycostadelsol.cz\\\/es\\\/gestion-inmobiliaria\\\/\",\"url\":\"https:\\\/\\\/realitycostadelsol.cz\\\/es\\\/gestion-inmobiliaria\\\/\",\"name\":\"GESTI\u00d3N INMOBILIARIA - Reality Costa del Sol\",\"isPartOf\":{\"@id\":\"https:\\\/\\\/realitycostadelsol.cz\\\/es\\\/#website\"},\"datePublished\":\"2022-12-29T16:55:22+00:00\",\"dateModified\":\"2023-11-03T19:04:28+00:00\",\"breadcrumb\":{\"@id\":\"https:\\\/\\\/realitycostadelsol.cz\\\/es\\\/gestion-inmobiliaria\\\/#breadcrumb\"},\"inLanguage\":\"es\",\"potentialAction\":[{\"@type\":\"ReadAction\",\"target\":[\"https:\\\/\\\/realitycostadelsol.cz\\\/es\\\/gestion-inmobiliaria\\\/\"]}]},{\"@type\":\"BreadcrumbList\",\"@id\":\"https:\\\/\\\/realitycostadelsol.cz\\\/es\\\/gestion-inmobiliaria\\\/#breadcrumb\",\"itemListElement\":[{\"@type\":\"ListItem\",\"position\":1,\"name\":\"Dom\u016f\",\"item\":\"https:\\\/\\\/realitycostadelsol.cz\\\/es\\\/\"},{\"@type\":\"ListItem\",\"position\":2,\"name\":\"GESTI\u00d3N INMOBILIARIA\"}]},{\"@type\":\"WebSite\",\"@id\":\"https:\\\/\\\/realitycostadelsol.cz\\\/es\\\/#website\",\"url\":\"https:\\\/\\\/realitycostadelsol.cz\\\/es\\\/\",\"name\":\"Reality Costa del Sol\",\"description\":\"Prodej a pron&aacute;jem reality ve &Scaron;pan\u011blsku\",\"potentialAction\":[{\"@type\":\"SearchAction\",\"target\":{\"@type\":\"EntryPoint\",\"urlTemplate\":\"https:\\\/\\\/realitycostadelsol.cz\\\/es\\\/?s={search_term_string}\"},\"query-input\":{\"@type\":\"PropertyValueSpecification\",\"valueRequired\":true,\"valueName\":\"search_term_string\"}}],\"inLanguage\":\"es\"}]}<\/script>\n<!-- \/ Yoast SEO plugin. -->","yoast_head_json":{"title":"GESTI\u00d3N INMOBILIARIA - Reality Costa del Sol","robots":{"index":"index","follow":"follow","max-snippet":"max-snippet:-1","max-image-preview":"max-image-preview:large","max-video-preview":"max-video-preview:-1"},"canonical":"https:\/\/realitycostadelsol.cz\/es\/gestion-inmobiliaria\/","og_locale":"es_ES","og_type":"article","og_title":"GESTI\u00d3N INMOBILIARIA - Reality Costa del Sol","og_description":"Gesti\u00f3n de la propiedad\u00bfNecesita que alguien cuide de su propiedad cuando usted no est\u00e1? Estar\u00e9 encantado de ayudarle. \u00bfEn qu\u00e9 consiste la gesti\u00f3n inmobiliaria? comprobar las propiedades vac\u00edas o incluso alquiladas al menos una vez al mes asistencia en la selecci\u00f3n de artesanos de confianza y supervisi\u00f3n durante la ejecuci\u00f3n. limpieza - ayuda para elegir [&hellip;]","og_url":"https:\/\/realitycostadelsol.cz\/es\/gestion-inmobiliaria\/","og_site_name":"Reality Costa del Sol","article_modified_time":"2023-11-03T19:04:28+00:00","twitter_card":"summary_large_image","twitter_misc":{"Tiempo de lectura":"4 minutos"},"schema":{"@context":"https:\/\/schema.org","@graph":[{"@type":"WebPage","@id":"https:\/\/realitycostadelsol.cz\/es\/gestion-inmobiliaria\/","url":"https:\/\/realitycostadelsol.cz\/es\/gestion-inmobiliaria\/","name":"GESTI\u00d3N INMOBILIARIA - Reality Costa del Sol","isPartOf":{"@id":"https:\/\/realitycostadelsol.cz\/es\/#website"},"datePublished":"2022-12-29T16:55:22+00:00","dateModified":"2023-11-03T19:04:28+00:00","breadcrumb":{"@id":"https:\/\/realitycostadelsol.cz\/es\/gestion-inmobiliaria\/#breadcrumb"},"inLanguage":"es","potentialAction":[{"@type":"ReadAction","target":["https:\/\/realitycostadelsol.cz\/es\/gestion-inmobiliaria\/"]}]},{"@type":"BreadcrumbList","@id":"https:\/\/realitycostadelsol.cz\/es\/gestion-inmobiliaria\/#breadcrumb","itemListElement":[{"@type":"ListItem","position":1,"name":"Dom\u016f","item":"https:\/\/realitycostadelsol.cz\/es\/"},{"@type":"ListItem","position":2,"name":"GESTI\u00d3N INMOBILIARIA"}]},{"@type":"WebSite","@id":"https:\/\/realitycostadelsol.cz\/es\/#website","url":"https:\/\/realitycostadelsol.cz\/es\/","name":"Reality Costa del Sol","description":"Prodej a pron&aacute;jem reality ve &Scaron;pan\u011blsku","potentialAction":[{"@type":"SearchAction","target":{"@type":"EntryPoint","urlTemplate":"https:\/\/realitycostadelsol.cz\/es\/?s={search_term_string}"},"query-input":{"@type":"PropertyValueSpecification","valueRequired":true,"valueName":"search_term_string"}}],"inLanguage":"es"}]}},"_links":{"self":[{"href":"https:\/\/realitycostadelsol.cz\/es\/wp-json\/wp\/v2\/pages\/8227","targetHints":{"allow":["GET"]}}],"collection":[{"href":"https:\/\/realitycostadelsol.cz\/es\/wp-json\/wp\/v2\/pages"}],"about":[{"href":"https:\/\/realitycostadelsol.cz\/es\/wp-json\/wp\/v2\/types\/page"}],"author":[{"embeddable":true,"href":"https:\/\/realitycostadelsol.cz\/es\/wp-json\/wp\/v2\/users\/1"}],"replies":[{"embeddable":true,"href":"https:\/\/realitycostadelsol.cz\/es\/wp-json\/wp\/v2\/comments?post=8227"}],"version-history":[{"count":2,"href":"https:\/\/realitycostadelsol.cz\/es\/wp-json\/wp\/v2\/pages\/8227\/revisions"}],"predecessor-version":[{"id":8238,"href":"https:\/\/realitycostadelsol.cz\/es\/wp-json\/wp\/v2\/pages\/8227\/revisions\/8238"}],"wp:attachment":[{"href":"https:\/\/realitycostadelsol.cz\/es\/wp-json\/wp\/v2\/media?parent=8227"}],"curies":[{"name":"wp","href":"https:\/\/api.w.org\/{rel}","templated":true}]}}