{"id":8207,"date":"2022-10-11T13:36:26","date_gmt":"2022-10-11T13:36:26","guid":{"rendered":"https:\/\/realitycostadelsol.cz\/pongase-en-contacto-con\/"},"modified":"2024-06-06T09:16:35","modified_gmt":"2024-06-06T09:16:35","slug":"pongase-en-contacto-con","status":"publish","type":"page","link":"https:\/\/realitycostadelsol.cz\/es\/pongase-en-contacto-con\/","title":{"rendered":"P\u00f3ngase en contacto con"},"content":{"rendered":"<p>[et_pb_section fb_built=\u00bb1&#8243; admin_label=\u00bbCoffee Menu\u00bb module_id=\u00bbServicios\u00bb _builder_version=\u00bb4.19.1&#8243; use_background_color_gradient=\u00bbon\u00bb background_color_gradient_stops=\u00bb#32a7f7 71%|#1b3b87 71%\u00bb custom_padding=\u00bb40px||100px||false|false\u00bb global_colors_info=\u00bb{}\u00bb][et_pb_row admin_label=\u00bbEncabezado de secci\u00f3n\u00bb _builder_version=\u00bb4.16&#8243; module_alignment=\u00bbcenter\u00bb custom_padding=\u00bb40px|0px|40px|0px\u00bb global_colors_info=\u00bb{}\u00bb][et_pb_column type=\u00bb4_4&#8243; _builder_version=\u00bb4.16&#8243; custom_padding=\u00bb|||\u00bb global_colors_info=\u00bb{}\u00bb custom_padding__hover=\u00bb|||\u00bb][et_pb_text admin_label=\u00bbTittle\u00bb _builder_version=\u00bb4.19.0&#8243; text_font=\u00bbNunito||||||||\u00bb text_font_size=\u00bb18px\u00bb text_line_height=\u00bb1.8em\u00bb header_font=\u00bb||||||||\u00bb header_text_align=\u00bbcenter\u00bb header_text_color=\u00bb#FFFFFF\u00bb header_2_text_align=\u00bbcenter\u00bb header_2_text_color=\u00bb#FFFFFF\u00bb header_2_letter_spacing=\u00bb1px\u00bb header_2_line_height=\u00bb1.5em\u00bb header_3_font=\u00bb||||||||\u00bb max_width=\u00bb600px\u00bb max_width_last_edited=\u00bboff|desktop\u00bb module_alignment=\u00bbcenter\u00bb custom_margin=\u00bb|||\u00bb global_colors_info=\u00bb{}\u00bb]<\/p>\n<h1>P\u00f3ngase en contacto con<\/h1>\n<p>[\/et_pb_text][et_pb_divider color=\u00bb#FFFFFF\u00bb divider_weight=\u00bb2px\u00bb disabled_on=\u00bbon|on|off\u00bb _builder_version=\u00bb4.16&#8243; max_width=\u00bb50px\u00bb module_alignment=\u00bbcenter\u00bb animation_style=\u00bbfade\u00bb global_colors_info=\u00bb{}\u00bb][\/et_pb_divider][\/et_pb_column][\/et_pb_row][et_pb_row column_structure=\u00bb1_3,1_3,1_3&#8243; use_custom_gutter=\u00bbon\u00bb gutter_width=\u00bb2&#8243; make_equal=\u00bbon\u00bb _builder_version=\u00bb4.19.1&#8243; collapsed=\u00bboff\u00bb global_colors_info=\u00bb{}\u00bb][et_pb_column type=\u00bb1_3&#8243; _builder_version=\u00bb4.19.1&#8243; background_color=\u00bb#FFFFFF\u00bb custom_padding=\u00bb35px|35px|35px|35px|true|true\u00bb global_colors_info=\u00bb{}\u00bb custom_padding__hover=\u00bb|||\u00bb][et_pb_blurb title=\u00bbJana Hor\u00e1kov\u00e1\u00bb image=\u00bbhttps:\/\/realitycostadelsol.cz\/wp-content\/uploads\/2023\/02\/foto-web-2.jpg\u00bb image_icon_width=\u00bb120px\u00bb icon_alignment=\u00bbleft\u00bb _builder_version=\u00bb4.23.1&#8243; _module_preset=\u00bbdefault\u00bb header_font=\u00bb|700|||||||\u00bb body_text_color=\u00bbrgba(0,0,0,0.66)\u00bb global_colors_info=\u00bb{}\u00bb]<\/p>\n<p>Bah\u00eda de Casares<br \/>296 90 Casares Costa<br \/>M\u00e1laga<\/p>\n<p>&nbsp;<\/p>\n<p>[\/et_pb_blurb][\/et_pb_column][et_pb_column type=\u00bb1_3&#8243; _builder_version=\u00bb4.16&#8243; background_color=\u00bb#FFFFFF\u00bb custom_padding=\u00bb35px|35px|35px|35px|true|true\u00bb global_colors_info=\u00bb{}\u00bb custom_padding__hover=\u00bb|||\u00bb][et_pb_blurb title=\u00bbcorreo electr\u00f3nico\u00bb use_icon=\u00bbon\u00bb font_icon=\u00bb&#xe010;||divi||400&#8243; image_icon_width=\u00bb50px\u00bb _builder_version=\u00bb4.25.1&#8243; _module_preset=\u00bbdefault\u00bb header_font=\u00bb|700|||||||\u00bb header_font_size=\u00bb15px\u00bb body_text_color=\u00bbrgba(0,0,0,0.66)\u00bb text_orientation=\u00bbcenter\u00bb hover_enabled=\u00bb0&#8243; global_colors_info=\u00bb{}\u00bb sticky_enabled=\u00bb0&#8243;]<\/p>\n<p style=\"text-align: center;\"><strong><a href=\"mailto:info@realitycostadelsol.cz\" style=\"color: #000000;\">info@realitycostadelsol.cz<\/a><\/strong><\/p>\n<p>[\/et_pb_blurb][et_pb_blurb title=\u00bbWhatsApp\u00bb use_icon=\u00bbon\u00bb font_icon=\u00bb&#xf232;||fa||400&#8243; image_icon_width=\u00bb50px\u00bb _builder_version=\u00bb4.23.1&#8243; _module_preset=\u00bbdefault\u00bb header_font=\u00bb|700|||||||\u00bb header_font_size=\u00bb15px\u00bb body_text_color=\u00bbrgba(0,0,0,0.66)\u00bb text_orientation=\u00bbcenter\u00bb custom_margin=\u00bb26px|||||\u00bb global_colors_info=\u00bb{}\u00bb]<\/p>\n<p><a href=\"https:\/\/wa.me\/+380977862928\"><\/a><\/p>\n<p>[\/et_pb_blurb][\/et_pb_column][et_pb_column type=\u00bb1_3&#8243; _builder_version=\u00bb4.16&#8243; background_color=\u00bb#FFFFFF\u00bb custom_padding=\u00bb35px|35px|35px|35px|true|true\u00bb global_colors_info=\u00bb{}\u00bb custom_padding__hover=\u00bb|||\u00bb][et_pb_blurb title=\u00bbES\u00bb use_icon=\u00bbon\u00bb font_icon=\u00bb&#xe00b;||divi||400&#8243; image_icon_width=\u00bb50px\u00bb _builder_version=\u00bb4.19.4&#8243; _module_preset=\u00bbdefault\u00bb header_font=\u00bb|700|||||||\u00bb header_font_size=\u00bb15px\u00bb body_text_color=\u00bbrgba(0,0,0,0.66)\u00bb text_orientation=\u00bbcenter\u00bb global_colors_info=\u00bb{}\u00bb]<\/p>\n<p style=\"text-align: center;\"><strong><a href=\"tel:+420608338039\" style=\"color: #000;\">+420 608 338 039<\/a><\/strong><\/p>\n<p>[\/et_pb_blurb][et_pb_blurb title=\u00bbES\u00bb use_icon=\u00bbon\u00bb font_icon=\u00bb&#xe00b;||divi||400&#8243; image_icon_width=\u00bb50px\u00bb _builder_version=\u00bb4.19.4&#8243; _module_preset=\u00bbdefault\u00bb header_font=\u00bb|700|||||||\u00bb header_font_size=\u00bb15px\u00bb body_text_color=\u00bbrgba(0,0,0,0.66)\u00bb text_orientation=\u00bbcenter\u00bb custom_margin=\u00bb26px|||||\u00bb global_colors_info=\u00bb{}\u00bb]<\/p>\n<p style=\"text-align: center;\"><strong><a href=\"tel:+34602293773\" style=\"color: #000;\">+34 602 293 773<\/a><\/strong><\/p>\n<p>[\/et_pb_blurb][\/et_pb_column][\/et_pb_row][\/et_pb_section][et_pb_section fb_built=\u00bb1&#8243; admin_label=\u00bbFooter\u00bb _builder_version=\u00bb4.19.0&#8243; custom_margin=\u00bb0px|0px|0px|0px|false|true\u00bb custom_margin_tablet=\u00bb\u00bb custom_margin_phone=\u00bb0px|0px|0px|0px\u00bb custom_margin_last_edited=\u00bbon|phone\u00bb custom_padding=\u00bb0px||0px||false|false\u00bb global_module=\u00bb153&#8243; saved_tabs=\u00bball\u00bb collapsed=\u00bboff\u00bb global_colors_info=\u00bb{}\u00bb][et_pb_row _builder_version=\u00bb4.19.0&#8243; _module_preset=\u00bbdefault\u00bb global_colors_info=\u00bb{}\u00bb][et_pb_column type=\u00bb4_4&#8243; _builder_version=\u00bb4.19.0&#8243; _module_preset=\u00bbdefault\u00bb global_colors_info=\u00bb{}\u00bb][et_pb_social_media_follow _builder_version=\u00bb4.20.2&#8243; _module_preset=\u00bbdefault\u00bb text_orientation=\u00bbcenter\u00bb width_tablet=\u00bb\u00bb width_phone=\u00bb\u00bb width_last_edited=\u00bbon|desktop\u00bb border_radii=\u00bbon|50%|50%|50%|50%\u00bb global_colors_info=\u00bb{}\u00bb][et_pb_social_media_follow_network social_network=\u00bblinkedin\u00bb url=\u00bbhttp:\/\/www.linkedin.com\/in\/jana-horakova-spanelsko\u00bb _builder_version=\u00bb4.19.0&#8243; _module_preset=\u00bbdefault\u00bb background_color=\u00bb#52a7e0&#8243; background_enable_color=\u00bbon\u00bb global_colors_info=\u00bb{}\u00bb follow_button=\u00bboff\u00bb url_new_window=\u00bbon\u00bb]linkedin[\/et_pb_social_media_follow_network][et_pb_social_media_follow_network social_network=\u00bbfacebook\u00bb url=\u00bbhttps:\/\/www.facebook.com\/RealityCostadelSol\u00bb _builder_version=\u00bb4.20.2&#8243; _module_preset=\u00bbdefault\u00bb background_color=\u00bb#3b5998&#8243; global_colors_info=\u00bb{}\u00bb follow_button=\u00bboff\u00bb url_new_window=\u00bbon\u00bb]facebook[\/et_pb_social_media_follow_network][et_pb_social_media_follow_network social_network=\u00bbinstagram\u00bb url=\u00bbhttps:\/\/www.instagram.com\/realitycostadelsol\/\u00bb _builder_version=\u00bb4.20.2&#8243; _module_preset=\u00bbdefault\u00bb background_color=\u00bb#ea2c59&#8243; global_colors_info=\u00bb{}\u00bb follow_button=\u00bboff\u00bb url_new_window=\u00bbon\u00bb]instagram[\/et_pb_social_media_follow_network][\/et_pb_social_media_follow][\/et_pb_column][\/et_pb_row][\/et_pb_section]<\/p>\n","protected":false},"excerpt":{"rendered":"<p>P\u00f3ngase en contacto conBah\u00eda de Casares296 90 Casares CostaM\u00e1laga &nbsp;info@realitycostadelsol.cz+420 608 338 039+34 602 293 773<\/p>\n","protected":false},"author":1,"featured_media":0,"parent":0,"menu_order":0,"comment_status":"closed","ping_status":"closed","template":"","meta":{"_et_pb_use_builder":"on","_et_pb_old_content":"","_et_gb_content_width":"","footnotes":""},"class_list":["post-8207","page","type-page","status-publish","hentry"],"yoast_head":"<!-- This site is optimized with the Yoast SEO plugin v27.5 - https:\/\/yoast.com\/product\/yoast-seo-wordpress\/ -->\n<title>P\u00f3ngase en contacto con - Reality Costa del Sol<\/title>\n<meta name=\"robots\" content=\"index, follow, max-snippet:-1, max-image-preview:large, max-video-preview:-1\" \/>\n<link rel=\"canonical\" href=\"https:\/\/realitycostadelsol.cz\/es\/pongase-en-contacto-con\/\" \/>\n<meta property=\"og:locale\" content=\"es_ES\" \/>\n<meta property=\"og:type\" content=\"article\" \/>\n<meta property=\"og:title\" content=\"P\u00f3ngase en contacto con - Reality Costa del Sol\" \/>\n<meta property=\"og:description\" content=\"P\u00f3ngase en contacto conBah\u00eda de Casares296 90 Casares CostaM\u00e1laga &nbsp;info@realitycostadelsol.cz+420 608 338 039+34 602 293 773\" \/>\n<meta property=\"og:url\" content=\"https:\/\/realitycostadelsol.cz\/es\/pongase-en-contacto-con\/\" \/>\n<meta property=\"og:site_name\" content=\"Reality Costa del Sol\" \/>\n<meta property=\"article:modified_time\" content=\"2024-06-06T09:16:35+00:00\" \/>\n<meta name=\"twitter:card\" content=\"summary_large_image\" \/>\n<meta name=\"twitter:label1\" content=\"Tiempo de lectura\" \/>\n\t<meta name=\"twitter:data1\" content=\"4 minutos\" \/>\n<script type=\"application\/ld+json\" class=\"yoast-schema-graph\">{\"@context\":\"https:\\\/\\\/schema.org\",\"@graph\":[{\"@type\":\"WebPage\",\"@id\":\"https:\\\/\\\/realitycostadelsol.cz\\\/es\\\/pongase-en-contacto-con\\\/\",\"url\":\"https:\\\/\\\/realitycostadelsol.cz\\\/es\\\/pongase-en-contacto-con\\\/\",\"name\":\"P\u00f3ngase en contacto con - Reality Costa del Sol\",\"isPartOf\":{\"@id\":\"https:\\\/\\\/realitycostadelsol.cz\\\/es\\\/#website\"},\"datePublished\":\"2022-10-11T13:36:26+00:00\",\"dateModified\":\"2024-06-06T09:16:35+00:00\",\"breadcrumb\":{\"@id\":\"https:\\\/\\\/realitycostadelsol.cz\\\/es\\\/pongase-en-contacto-con\\\/#breadcrumb\"},\"inLanguage\":\"es\",\"potentialAction\":[{\"@type\":\"ReadAction\",\"target\":[\"https:\\\/\\\/realitycostadelsol.cz\\\/es\\\/pongase-en-contacto-con\\\/\"]}]},{\"@type\":\"BreadcrumbList\",\"@id\":\"https:\\\/\\\/realitycostadelsol.cz\\\/es\\\/pongase-en-contacto-con\\\/#breadcrumb\",\"itemListElement\":[{\"@type\":\"ListItem\",\"position\":1,\"name\":\"Dom\u016f\",\"item\":\"https:\\\/\\\/realitycostadelsol.cz\\\/es\\\/\"},{\"@type\":\"ListItem\",\"position\":2,\"name\":\"P\u00f3ngase en contacto con\"}]},{\"@type\":\"WebSite\",\"@id\":\"https:\\\/\\\/realitycostadelsol.cz\\\/es\\\/#website\",\"url\":\"https:\\\/\\\/realitycostadelsol.cz\\\/es\\\/\",\"name\":\"Reality Costa del Sol\",\"description\":\"Prodej a pron&aacute;jem reality ve &Scaron;pan\u011blsku\",\"potentialAction\":[{\"@type\":\"SearchAction\",\"target\":{\"@type\":\"EntryPoint\",\"urlTemplate\":\"https:\\\/\\\/realitycostadelsol.cz\\\/es\\\/?s={search_term_string}\"},\"query-input\":{\"@type\":\"PropertyValueSpecification\",\"valueRequired\":true,\"valueName\":\"search_term_string\"}}],\"inLanguage\":\"es\"}]}<\/script>\n<!-- \/ Yoast SEO plugin. -->","yoast_head_json":{"title":"P\u00f3ngase en contacto con - Reality Costa del Sol","robots":{"index":"index","follow":"follow","max-snippet":"max-snippet:-1","max-image-preview":"max-image-preview:large","max-video-preview":"max-video-preview:-1"},"canonical":"https:\/\/realitycostadelsol.cz\/es\/pongase-en-contacto-con\/","og_locale":"es_ES","og_type":"article","og_title":"P\u00f3ngase en contacto con - Reality Costa del Sol","og_description":"P\u00f3ngase en contacto conBah\u00eda de Casares296 90 Casares CostaM\u00e1laga &nbsp;info@realitycostadelsol.cz+420 608 338 039+34 602 293 773","og_url":"https:\/\/realitycostadelsol.cz\/es\/pongase-en-contacto-con\/","og_site_name":"Reality Costa del Sol","article_modified_time":"2024-06-06T09:16:35+00:00","twitter_card":"summary_large_image","twitter_misc":{"Tiempo de lectura":"4 minutos"},"schema":{"@context":"https:\/\/schema.org","@graph":[{"@type":"WebPage","@id":"https:\/\/realitycostadelsol.cz\/es\/pongase-en-contacto-con\/","url":"https:\/\/realitycostadelsol.cz\/es\/pongase-en-contacto-con\/","name":"P\u00f3ngase en contacto con - Reality Costa del Sol","isPartOf":{"@id":"https:\/\/realitycostadelsol.cz\/es\/#website"},"datePublished":"2022-10-11T13:36:26+00:00","dateModified":"2024-06-06T09:16:35+00:00","breadcrumb":{"@id":"https:\/\/realitycostadelsol.cz\/es\/pongase-en-contacto-con\/#breadcrumb"},"inLanguage":"es","potentialAction":[{"@type":"ReadAction","target":["https:\/\/realitycostadelsol.cz\/es\/pongase-en-contacto-con\/"]}]},{"@type":"BreadcrumbList","@id":"https:\/\/realitycostadelsol.cz\/es\/pongase-en-contacto-con\/#breadcrumb","itemListElement":[{"@type":"ListItem","position":1,"name":"Dom\u016f","item":"https:\/\/realitycostadelsol.cz\/es\/"},{"@type":"ListItem","position":2,"name":"P\u00f3ngase en contacto con"}]},{"@type":"WebSite","@id":"https:\/\/realitycostadelsol.cz\/es\/#website","url":"https:\/\/realitycostadelsol.cz\/es\/","name":"Reality Costa del Sol","description":"Prodej a pron&aacute;jem reality ve &Scaron;pan\u011blsku","potentialAction":[{"@type":"SearchAction","target":{"@type":"EntryPoint","urlTemplate":"https:\/\/realitycostadelsol.cz\/es\/?s={search_term_string}"},"query-input":{"@type":"PropertyValueSpecification","valueRequired":true,"valueName":"search_term_string"}}],"inLanguage":"es"}]}},"_links":{"self":[{"href":"https:\/\/realitycostadelsol.cz\/es\/wp-json\/wp\/v2\/pages\/8207","targetHints":{"allow":["GET"]}}],"collection":[{"href":"https:\/\/realitycostadelsol.cz\/es\/wp-json\/wp\/v2\/pages"}],"about":[{"href":"https:\/\/realitycostadelsol.cz\/es\/wp-json\/wp\/v2\/types\/page"}],"author":[{"embeddable":true,"href":"https:\/\/realitycostadelsol.cz\/es\/wp-json\/wp\/v2\/users\/1"}],"replies":[{"embeddable":true,"href":"https:\/\/realitycostadelsol.cz\/es\/wp-json\/wp\/v2\/comments?post=8207"}],"version-history":[{"count":10,"href":"https:\/\/realitycostadelsol.cz\/es\/wp-json\/wp\/v2\/pages\/8207\/revisions"}],"predecessor-version":[{"id":10019,"href":"https:\/\/realitycostadelsol.cz\/es\/wp-json\/wp\/v2\/pages\/8207\/revisions\/10019"}],"wp:attachment":[{"href":"https:\/\/realitycostadelsol.cz\/es\/wp-json\/wp\/v2\/media?parent=8207"}],"curies":[{"name":"wp","href":"https:\/\/api.w.org\/{rel}","templated":true}]}}