{"id":8188,"date":"2022-10-11T13:36:07","date_gmt":"2022-10-11T13:36:07","guid":{"rendered":"https:\/\/realitycostadelsol.cz\/sobre-mi\/"},"modified":"2026-03-24T21:56:21","modified_gmt":"2026-03-24T21:56:21","slug":"sobre-mi","status":"publish","type":"page","link":"https:\/\/realitycostadelsol.cz\/es\/sobre-mi\/","title":{"rendered":"Sobre m\u00ed"},"content":{"rendered":"<p>[et_pb_section bb_built=\u00bb1&#8243; admin_label=\u00bbCoffee Menu\u00bb module_id=\u00bbServicios\u00bb _builder_version=\u00bb4.19.1&#8243; use_background_color_gradient=\u00bbon\u00bb background_color_gradient_stops=\u00bb#32a7f7 71%|#1b3b87 71%\u00bb custom_padding=\u00bb40px||100px||false|false\u00bb global_colors_info=\u00bb{}\u00bb next_background_color=\u00bb#c6e5ea\u00bb][et_pb_row admin_label=\u00bbEncabezado de secci\u00f3n\u00bb _builder_version=\u00bb4.16&#8243; module_alignment=\u00bbcenter\u00bb custom_padding=\u00bb40px|0px|4px|0px||\u00bb global_colors_info=\u00bb{}\u00bb][et_pb_column type=\u00bb4_4&#8243; _builder_version=\u00bb4.16&#8243; custom_padding=\u00bb|||\u00bb global_colors_info=\u00bb{}\u00bb custom_padding__hover=\u00bb|||\u00bb][et_pb_text admin_label=\u00bbTittle\u00bb _builder_version=\u00bb4.27.6&#8243; text_font=\u00bbNunito||||||||\u00bb text_font_size=\u00bb18px\u00bb text_line_height=\u00bb1.8em\u00bb header_font=\u00bb||||||||\u00bb header_text_align=\u00bbcenter\u00bb header_text_color=\u00bb#FFFFFF\u00bb header_2_text_align=\u00bbcenter\u00bb header_2_text_color=\u00bb#FFFFFF\u00bb header_2_letter_spacing=\u00bb1px\u00bb header_2_line_height=\u00bb1.5em\u00bb header_3_font=\u00bb||||||||\u00bb max_width=\u00bb600px\u00bb max_width_last_edited=\u00bboff|desktop\u00bb module_alignment=\u00bbcenter\u00bb custom_margin=\u00bb|||\u00bb hover_enabled=\u00bb0&#8243; global_colors_info=\u00bb{}\u00bb text_text_color=\u00bb#FFFFFF\u00bb sticky_enabled=\u00bb0&#8243; text_orientation=\u00bbcenter\u00bb]<\/p>\n<h1><b>Sobre m\u00ed y mi experiencia en inversi\u00f3n inmobiliaria en Espa\u00f1a<\/b><\/h1>\n<p><span style=\"font-weight: 400;\">Soy profesional de inmobiliaria en Espa\u00f1a con amplia experiencia acompa\u00f1ando a clientes internacionales en la b\u00fasqueda de vivienda en venta y propiedades en venta en la Costa del Sol, ofreciendo asesoramiento cercano durante todo el proceso.<\/span><\/p>\n<p>[\/et_pb_text][et_pb_divider color=\u00bb#FFFFFF\u00bb divider_weight=\u00bb2px\u00bb disabled_on=\u00bbon|on|off\u00bb _builder_version=\u00bb4.19.4&#8243; max_width=\u00bb50px\u00bb module_alignment=\u00bbcenter\u00bb animation_style=\u00bbfade\u00bb global_colors_info=\u00bb{}\u00bb]<\/p>\n<p>[\/et_pb_divider][\/et_pb_column][\/et_pb_row][et_pb_row use_custom_gutter=\u00bbon\u00bb gutter_width=\u00bb2&#8243; make_equal=\u00bbon\u00bb _builder_version=\u00bb4.19.4&#8243; width=\u00bb50%\u00bb width_tablet=\u00bb50%\u00bb width_phone=\u00bb90%\u00bb width_last_edited=\u00bbon|desktop\u00bb collapsed=\u00bboff\u00bb global_colors_info=\u00bb{}\u00bb][et_pb_column type=\u00bb4_4&#8243; _builder_version=\u00bb4.16&#8243; background_color=\u00bb#FFFFFF\u00bb custom_padding=\u00bb25px|25px|25px|25px|true|true\u00bb global_colors_info=\u00bb{}\u00bb custom_padding__hover=\u00bb|||\u00bb][et_pb_image src=\u00bbhttps:\/\/realitycostadelsol.cz\/wp-content\/uploads\/2023\/02\/foto-web-2.jpg\u00bb title_text=\u00bbfptbty\u00bb align=\u00bbcenter\u00bb _builder_version=\u00bb4.20.2&#8243; _module_preset=\u00bbdefault\u00bb width=\u00bb300px\u00bb width_tablet=\u00bb300px\u00bb width_phone=\u00bb300px\u00bb width_last_edited=\u00bbon|desktop\u00bb border_radii=\u00bbon|50%|50%|50%|50%\u00bb global_colors_info=\u00bb{}\u00bb]<\/p>\n<p>[\/et_pb_image][et_pb_text _builder_version=\u00bb4.20.2&#8243; _module_preset=\u00bbdefault\u00bb header_2_font=\u00bb|600|||||||\u00bb header_2_text_color=\u00bb#000000&#8243; header_3_font=\u00bb|600|||||||\u00bb header_3_line_height=\u00bb1.3em\u00bb header_5_font=\u00bb|600|||||||\u00bb header_5_text_color=\u00bb#52a7e0&#8243; header_5_font_size=\u00bb15px\u00bb header_5_line_height=\u00bb1.2em\u00bb text_orientation=\u00bbcenter\u00bb custom_margin=\u00bb||17px||false|false\u00bb global_colors_info=\u00bb{}\u00bb]<\/p>\n<h3>Jana Hor\u00e1kov\u00e1,<br \/>su apoyo checo en la costa sur de Espa\u00f1a<\/h3>\n<p>[\/et_pb_text][et_pb_text _builder_version=\u00bb4.23.1&#8243; _module_preset=\u00bbdefault\u00bb header_2_font=\u00bb|600|||||||\u00bb header_2_text_color=\u00bb#000000&#8243; header_3_font=\u00bb|600||on|||||\u00bb header_5_font=\u00bb|600|||||||\u00bb header_5_text_color=\u00bb#52a7e0&#8243; header_5_font_size=\u00bb15px\u00bb header_5_line_height=\u00bb1.2em\u00bb global_colors_info=\u00bb{}\u00bb]<\/p>\n<p>Hasta ahora he vivido 11 a\u00f1os en el Mediterr\u00e1neo. Tras cinco a\u00f1os en Grecia, Malta, Espa\u00f1a y Portugal, regres\u00e9 a la Rep\u00fablica Checa y viv\u00ed en Praga durante 10 a\u00f1os. En 2018 me mud\u00e9 con mi familia a la Costa del Sol, en el sur de Espa\u00f1a. Y desde entonces vivo aqu\u00ed.<\/p>\n<p>Trabaj\u00e9 en Praga como agente inmobiliario personal por recomendaci\u00f3n. Y esta es la profesi\u00f3n que ejerzo en Espa\u00f1a. Acumulo 15 a\u00f1os de experiencia en el sector inmobiliario.<\/p>\n<p><strong><\/strong><\/p>\n<p><strong>\u00bfC\u00f3mo llegu\u00e9 a tener mi propia vivienda en Espa\u00f1a?<\/strong><\/p>\n<p>Actualmente mi casa est\u00e1 en Casares Costa, cerca de Estepona. Primero alquilamos una propiedad aqu\u00ed, a la que nos mudamos. Sab\u00edamos que nos \u00edbamos a establecer aqu\u00ed, pero no empezamos a buscar una propiedad para comprar hasta que nos hubi\u00e9ramos instalado y asimilado un poco el entorno espa\u00f1ol.<\/p>\n<p><strong><\/strong><\/p>\n<p><strong>\u00bfQu\u00e9 experiencias puedo compartir con usted?<\/strong><\/p>\n<p>Me ocupaba de la escolarizaci\u00f3n de mi hijo. Tengo experiencia tanto en centros m\u00e9dicos privados como p\u00fablicos. He tratado con autoridades locales y bancos. Organic\u00e9 todo tipo de servicios, incluido el acceso a Internet. Daba de alta el agua y la electricidad, buscaba comerciantes y reformaba parcialmente mi propia casa. Tengo experiencia en la mayor\u00eda de los aspectos pr\u00e1cticos de vivir en Espa\u00f1a.<\/p>\n<p><strong><\/strong><\/p>\n<p><strong>\u00bfQu\u00e9 puedo hacer por usted?<\/strong><\/p>\n<p>Actualmente, gracias a mi experiencia, ayudo a clientes de la Rep\u00fablica Checa, Eslovaquia, B\u00e9lgica y el Reino Unido a desenvolverse en el sistema espa\u00f1ol, ahorr\u00e1ndoles tiempo y dinero.<\/p>\n<p>Cuando trato con clientes, pongo mucho de mi parte. Soy decente, honesto, fiable y termino las cosas. Me gusta la calidad.<\/p>\n<p><a href=\"https:\/\/realitycostadelsol.cz\/on-line-konzultace\/www.realitycostadelsol.cz\/kontakt\/\">Estar\u00e9 <strong>encantado de asesorarle y ayudarle<\/strong><span> <\/span>en lo que necesite.<\/a><\/p>\n<p>[\/et_pb_text][\/et_pb_column][\/et_pb_row][\/et_pb_section][et_pb_section bb_built=\u00bb1&#8243; admin_label=\u00bbFooter\u00bb _builder_version=\u00bb4.20.2&#8243; background_color=\u00bb#c6e5ea\u00bb background_image=\u00bbhttps:\/\/realitycostadelsol.cz\/wp-content\/uploads\/2022\/10\/grass-g6d0b5217c_1920.jpg\u00bb custom_margin=\u00bb90px|60px|30px|60px|false|false\u00bb custom_margin_phone=\u00bb0px|0px|0px|0px\u00bb custom_margin_last_edited=\u00bbon|phone\u00bb hover_enabled=\u00bb0&#8243; saved_tabs=\u00bball\u00bb collapsed=\u00bboff\u00bb global_colors_info=\u00bb{}\u00bb sticky_enabled=\u00bb0&#8243; prev_background_color=\u00bb#ffffff\u00bb next_background_color=\u00bb#ffffff\u00bb global_module=\u00bb144&#8243;][et_pb_row global_parent=\u00bb144&#8243; _builder_version=\u00bb4.16&#8243; global_colors_info=\u00bb{}\u00bb][et_pb_column type=\u00bb4_4&#8243; global_parent=\u00bb144&#8243; _builder_version=\u00bb4.16&#8243; custom_padding=\u00bb40px|||\u00bb global_colors_info=\u00bb{}\u00bb custom_padding__hover=\u00bb|||\u00bb][et_pb_button global_parent=\u00bb144&#8243; _builder_version=\u00bb4.16&#8243; _module_preset=\u00bbdefault\u00bb global_colors_info=\u00bb{}\u00bb \/][et_pb_cta global_parent=\u00bb144&#8243; title=\u00bbEstoy aqu\u00ed para ti\u00bb button_url=\u00bbhttps:\/\/realitycostadelsol.cz\/es\/pongase-en-contacto-con\/\u00bb button_text=\u00bbPonte en contacto conmigo\u00bb _builder_version=\u00bb4.20.2&#8243; _module_preset=\u00bbdefault\u00bb header_font=\u00bb|700|||||||\u00bb background_enable_color=\u00bboff\u00bb custom_button=\u00bbon\u00bb button_bg_color=\u00bb#1b3b87&#8243; button_border_width=\u00bb0px\u00bb button_border_color=\u00bb#1b3b87&#8243; global_colors_info=\u00bb{}\u00bb \/][\/et_pb_column][\/et_pb_row][\/et_pb_section][et_pb_section bb_built=\u00bb1&#8243; admin_label=\u00bbFooter\u00bb _builder_version=\u00bb4.19.0&#8243; custom_margin=\u00bb0px|0px|0px|0px|false|true\u00bb custom_margin_phone=\u00bb0px|0px|0px|0px\u00bb custom_margin_last_edited=\u00bbon|phone\u00bb custom_padding=\u00bb0px||0px||false|false\u00bb saved_tabs=\u00bball\u00bb collapsed=\u00bboff\u00bb global_colors_info=\u00bb{}\u00bb prev_background_color=\u00bb#c6e5ea\u00bb global_module=\u00bb153&#8243;][et_pb_row global_parent=\u00bb153&#8243; _builder_version=\u00bb4.19.0&#8243; _module_preset=\u00bbdefault\u00bb global_colors_info=\u00bb{}\u00bb][et_pb_column type=\u00bb4_4&#8243; global_parent=\u00bb153&#8243; _builder_version=\u00bb4.19.0&#8243; _module_preset=\u00bbdefault\u00bb global_colors_info=\u00bb{}\u00bb][et_pb_social_media_follow global_parent=\u00bb153&#8243; _builder_version=\u00bb4.20.2&#8243; _module_preset=\u00bbdefault\u00bb text_orientation=\u00bbcenter\u00bb width_last_edited=\u00bbon|desktop\u00bb border_radii=\u00bbon|50%|50%|50%|50%\u00bb global_colors_info=\u00bb{}\u00bb][et_pb_social_media_follow_network social_network=\u00bblinkedin\u00bb url=\u00bbhttp:\/\/www.linkedin.com\/in\/jana-horakova-spanelsko\u00bb _builder_version=\u00bb4.19.0&#8243; _module_preset=\u00bbdefault\u00bb background_color=\u00bb#52a7e0&#8243; background_enable_color=\u00bbon\u00bb global_colors_info=\u00bb{}\u00bb follow_button=\u00bboff\u00bb url_new_window=\u00bbon\u00bb]linkedin[\/et_pb_social_media_follow_network][et_pb_social_media_follow_network social_network=\u00bbfacebook\u00bb url=\u00bbhttps:\/\/www.facebook.com\/RealityCostadelSol\u00bb _builder_version=\u00bb4.20.2&#8243; _module_preset=\u00bbdefault\u00bb background_color=\u00bb#3b5998&#8243; global_colors_info=\u00bb{}\u00bb follow_button=\u00bboff\u00bb url_new_window=\u00bbon\u00bb]facebook[\/et_pb_social_media_follow_network][et_pb_social_media_follow_network social_network=\u00bbinstagram\u00bb url=\u00bbhttps:\/\/www.instagram.com\/realitycostadelsol\/\u00bb _builder_version=\u00bb4.20.2&#8243; _module_preset=\u00bbdefault\u00bb background_color=\u00bb#ea2c59&#8243; global_colors_info=\u00bb{}\u00bb follow_button=\u00bboff\u00bb url_new_window=\u00bbon\u00bb]instagram[\/et_pb_social_media_follow_network][\/et_pb_social_media_follow][\/et_pb_column][\/et_pb_row][\/et_pb_section]<\/p>\n","protected":false},"excerpt":{"rendered":"<p>Sobre m\u00ed y mi experiencia en inversi\u00f3n inmobiliaria en Espa\u00f1a Soy profesional de inmobiliaria en Espa\u00f1a con amplia experiencia acompa\u00f1ando a clientes internacionales en la b\u00fasqueda de vivienda en venta y propiedades en venta en la Costa del Sol, ofreciendo asesoramiento cercano durante todo el proceso. Jana Hor\u00e1kov\u00e1,su apoyo checo en la costa sur de [&hellip;]<\/p>\n","protected":false},"author":1,"featured_media":0,"parent":0,"menu_order":0,"comment_status":"closed","ping_status":"closed","template":"","meta":{"_et_pb_use_builder":"on","_et_pb_old_content":"","_et_gb_content_width":"","footnotes":""},"class_list":["post-8188","page","type-page","status-publish","hentry"],"yoast_head":"<!-- This site is optimized with the Yoast SEO plugin v27.5 - https:\/\/yoast.com\/product\/yoast-seo-wordpress\/ -->\n<title>Inversi\u00f3n inmobiliaria en Espa\u00f1a con asesor\u00eda en Costa del Sol.<\/title>\n<meta name=\"description\" content=\"Asesor\u00eda para inversi\u00f3n inmobiliaria en Espa\u00f1a con experiencia local. Ayuda para encontrar vivienda y propiedades en venta en la Costa del Sol.\" \/>\n<meta name=\"robots\" content=\"index, follow, max-snippet:-1, max-image-preview:large, max-video-preview:-1\" \/>\n<link rel=\"canonical\" href=\"https:\/\/realitycostadelsol.cz\/es\/sobre-mi\/\" \/>\n<meta property=\"og:locale\" content=\"es_ES\" \/>\n<meta property=\"og:type\" content=\"article\" \/>\n<meta property=\"og:title\" content=\"Inversi\u00f3n inmobiliaria en Espa\u00f1a con asesor\u00eda en Costa del Sol.\" \/>\n<meta property=\"og:description\" content=\"Asesor\u00eda para inversi\u00f3n inmobiliaria en Espa\u00f1a con experiencia local. Ayuda para encontrar vivienda y propiedades en venta en la Costa del Sol.\" \/>\n<meta property=\"og:url\" content=\"https:\/\/realitycostadelsol.cz\/es\/sobre-mi\/\" \/>\n<meta property=\"og:site_name\" content=\"Reality Costa del Sol\" \/>\n<meta property=\"article:modified_time\" content=\"2026-03-24T21:56:21+00:00\" \/>\n<meta name=\"twitter:card\" content=\"summary_large_image\" \/>\n<meta name=\"twitter:label1\" content=\"Tiempo de lectura\" \/>\n\t<meta name=\"twitter:data1\" content=\"3 minutos\" \/>\n<script type=\"application\/ld+json\" class=\"yoast-schema-graph\">{\"@context\":\"https:\\\/\\\/schema.org\",\"@graph\":[{\"@type\":\"WebPage\",\"@id\":\"https:\\\/\\\/realitycostadelsol.cz\\\/es\\\/sobre-mi\\\/\",\"url\":\"https:\\\/\\\/realitycostadelsol.cz\\\/es\\\/sobre-mi\\\/\",\"name\":\"Inversi\u00f3n inmobiliaria en Espa\u00f1a con asesor\u00eda en Costa del Sol.\",\"isPartOf\":{\"@id\":\"https:\\\/\\\/realitycostadelsol.cz\\\/es\\\/#website\"},\"datePublished\":\"2022-10-11T13:36:07+00:00\",\"dateModified\":\"2026-03-24T21:56:21+00:00\",\"description\":\"Asesor\u00eda para inversi\u00f3n inmobiliaria en Espa\u00f1a con experiencia local. Ayuda para encontrar vivienda y propiedades en venta en la Costa del Sol.\",\"breadcrumb\":{\"@id\":\"https:\\\/\\\/realitycostadelsol.cz\\\/es\\\/sobre-mi\\\/#breadcrumb\"},\"inLanguage\":\"es\",\"potentialAction\":[{\"@type\":\"ReadAction\",\"target\":[\"https:\\\/\\\/realitycostadelsol.cz\\\/es\\\/sobre-mi\\\/\"]}]},{\"@type\":\"BreadcrumbList\",\"@id\":\"https:\\\/\\\/realitycostadelsol.cz\\\/es\\\/sobre-mi\\\/#breadcrumb\",\"itemListElement\":[{\"@type\":\"ListItem\",\"position\":1,\"name\":\"Dom\u016f\",\"item\":\"https:\\\/\\\/realitycostadelsol.cz\\\/es\\\/\"},{\"@type\":\"ListItem\",\"position\":2,\"name\":\"Sobre m\u00ed\"}]},{\"@type\":\"WebSite\",\"@id\":\"https:\\\/\\\/realitycostadelsol.cz\\\/es\\\/#website\",\"url\":\"https:\\\/\\\/realitycostadelsol.cz\\\/es\\\/\",\"name\":\"Reality Costa del Sol\",\"description\":\"Prodej a pron&aacute;jem reality ve &Scaron;pan\u011blsku\",\"potentialAction\":[{\"@type\":\"SearchAction\",\"target\":{\"@type\":\"EntryPoint\",\"urlTemplate\":\"https:\\\/\\\/realitycostadelsol.cz\\\/es\\\/?s={search_term_string}\"},\"query-input\":{\"@type\":\"PropertyValueSpecification\",\"valueRequired\":true,\"valueName\":\"search_term_string\"}}],\"inLanguage\":\"es\"}]}<\/script>\n<!-- \/ Yoast SEO plugin. -->","yoast_head_json":{"title":"Inversi\u00f3n inmobiliaria en Espa\u00f1a con asesor\u00eda en Costa del Sol.","description":"Asesor\u00eda para inversi\u00f3n inmobiliaria en Espa\u00f1a con experiencia local. Ayuda para encontrar vivienda y propiedades en venta en la Costa del Sol.","robots":{"index":"index","follow":"follow","max-snippet":"max-snippet:-1","max-image-preview":"max-image-preview:large","max-video-preview":"max-video-preview:-1"},"canonical":"https:\/\/realitycostadelsol.cz\/es\/sobre-mi\/","og_locale":"es_ES","og_type":"article","og_title":"Inversi\u00f3n inmobiliaria en Espa\u00f1a con asesor\u00eda en Costa del Sol.","og_description":"Asesor\u00eda para inversi\u00f3n inmobiliaria en Espa\u00f1a con experiencia local. Ayuda para encontrar vivienda y propiedades en venta en la Costa del Sol.","og_url":"https:\/\/realitycostadelsol.cz\/es\/sobre-mi\/","og_site_name":"Reality Costa del Sol","article_modified_time":"2026-03-24T21:56:21+00:00","twitter_card":"summary_large_image","twitter_misc":{"Tiempo de lectura":"3 minutos"},"schema":{"@context":"https:\/\/schema.org","@graph":[{"@type":"WebPage","@id":"https:\/\/realitycostadelsol.cz\/es\/sobre-mi\/","url":"https:\/\/realitycostadelsol.cz\/es\/sobre-mi\/","name":"Inversi\u00f3n inmobiliaria en Espa\u00f1a con asesor\u00eda en Costa del Sol.","isPartOf":{"@id":"https:\/\/realitycostadelsol.cz\/es\/#website"},"datePublished":"2022-10-11T13:36:07+00:00","dateModified":"2026-03-24T21:56:21+00:00","description":"Asesor\u00eda para inversi\u00f3n inmobiliaria en Espa\u00f1a con experiencia local. Ayuda para encontrar vivienda y propiedades en venta en la Costa del Sol.","breadcrumb":{"@id":"https:\/\/realitycostadelsol.cz\/es\/sobre-mi\/#breadcrumb"},"inLanguage":"es","potentialAction":[{"@type":"ReadAction","target":["https:\/\/realitycostadelsol.cz\/es\/sobre-mi\/"]}]},{"@type":"BreadcrumbList","@id":"https:\/\/realitycostadelsol.cz\/es\/sobre-mi\/#breadcrumb","itemListElement":[{"@type":"ListItem","position":1,"name":"Dom\u016f","item":"https:\/\/realitycostadelsol.cz\/es\/"},{"@type":"ListItem","position":2,"name":"Sobre m\u00ed"}]},{"@type":"WebSite","@id":"https:\/\/realitycostadelsol.cz\/es\/#website","url":"https:\/\/realitycostadelsol.cz\/es\/","name":"Reality Costa del Sol","description":"Prodej a pron&aacute;jem reality ve &Scaron;pan\u011blsku","potentialAction":[{"@type":"SearchAction","target":{"@type":"EntryPoint","urlTemplate":"https:\/\/realitycostadelsol.cz\/es\/?s={search_term_string}"},"query-input":{"@type":"PropertyValueSpecification","valueRequired":true,"valueName":"search_term_string"}}],"inLanguage":"es"}]}},"_links":{"self":[{"href":"https:\/\/realitycostadelsol.cz\/es\/wp-json\/wp\/v2\/pages\/8188","targetHints":{"allow":["GET"]}}],"collection":[{"href":"https:\/\/realitycostadelsol.cz\/es\/wp-json\/wp\/v2\/pages"}],"about":[{"href":"https:\/\/realitycostadelsol.cz\/es\/wp-json\/wp\/v2\/types\/page"}],"author":[{"embeddable":true,"href":"https:\/\/realitycostadelsol.cz\/es\/wp-json\/wp\/v2\/users\/1"}],"replies":[{"embeddable":true,"href":"https:\/\/realitycostadelsol.cz\/es\/wp-json\/wp\/v2\/comments?post=8188"}],"version-history":[{"count":9,"href":"https:\/\/realitycostadelsol.cz\/es\/wp-json\/wp\/v2\/pages\/8188\/revisions"}],"predecessor-version":[{"id":10640,"href":"https:\/\/realitycostadelsol.cz\/es\/wp-json\/wp\/v2\/pages\/8188\/revisions\/10640"}],"wp:attachment":[{"href":"https:\/\/realitycostadelsol.cz\/es\/wp-json\/wp\/v2\/media?parent=8188"}],"curies":[{"name":"wp","href":"https:\/\/api.w.org\/{rel}","templated":true}]}}