{"id":8184,"date":"2022-10-11T13:35:40","date_gmt":"2022-10-11T13:35:40","guid":{"rendered":"https:\/\/realitycostadelsol.cz\/lista-de-precios\/"},"modified":"2026-03-24T21:32:42","modified_gmt":"2026-03-24T21:32:42","slug":"lista-de-precios","status":"publish","type":"page","link":"https:\/\/realitycostadelsol.cz\/es\/lista-de-precios\/","title":{"rendered":"Lista de precios"},"content":{"rendered":"<p>[et_pb_section bb_built=\u00bb1&#8243; admin_label=\u00bbCoffee Menu\u00bb module_id=\u00bbServicios\u00bb _builder_version=\u00bb4.19.1&#8243; use_background_color_gradient=\u00bbon\u00bb background_color_gradient_stops=\u00bb#32a7f7 71%|#1b3b87 71%\u00bb custom_padding=\u00bb40px||100px||false|false\u00bb global_colors_info=\u00bb{}\u00bb next_background_color=\u00bb#c6e5ea\u00bb][et_pb_row admin_label=\u00bbEncabezado de secci\u00f3n\u00bb _builder_version=\u00bb4.16&#8243; module_alignment=\u00bbcenter\u00bb custom_padding=\u00bb40px|0px|40px|0px\u00bb hover_enabled=\u00bb0&#8243; global_colors_info=\u00bb{}\u00bb sticky_enabled=\u00bb0&#8243;][et_pb_column type=\u00bb4_4&#8243; _builder_version=\u00bb4.16&#8243; custom_padding=\u00bb|||\u00bb global_colors_info=\u00bb{}\u00bb custom_padding__hover=\u00bb|||\u00bb][et_pb_text admin_label=\u00bbTittle\u00bb _builder_version=\u00bb4.27.6&#8243; text_font=\u00bbNunito||||||||\u00bb text_font_size=\u00bb18px\u00bb text_line_height=\u00bb1.8em\u00bb header_font=\u00bb||||||||\u00bb header_text_align=\u00bbcenter\u00bb header_text_color=\u00bb#FFFFFF\u00bb header_2_text_align=\u00bbcenter\u00bb header_2_text_color=\u00bb#FFFFFF\u00bb header_2_letter_spacing=\u00bb1px\u00bb header_2_line_height=\u00bb1.5em\u00bb header_3_font=\u00bb||||||||\u00bb max_width=\u00bb600px\u00bb max_width_last_edited=\u00bboff|desktop\u00bb module_alignment=\u00bbcenter\u00bb custom_margin=\u00bb|||\u00bb hover_enabled=\u00bb0&#8243; global_colors_info=\u00bb{}\u00bb sticky_enabled=\u00bb0&#8243;]<\/p>\n<h1><b>Lista de precios de nuestros servicios inmobiliarios<\/b><\/h1>\n<p>[\/et_pb_text][et_pb_divider color=\u00bb#FFFFFF\u00bb divider_weight=\u00bb2px\u00bb disabled_on=\u00bbon|on|off\u00bb _builder_version=\u00bb4.16&#8243; max_width=\u00bb50px\u00bb module_alignment=\u00bbcenter\u00bb animation_style=\u00bbfade\u00bb global_colors_info=\u00bb{}\u00bb]<\/p>\n<p>[\/et_pb_divider][\/et_pb_column][\/et_pb_row][et_pb_row _builder_version=\u00bb4.27.6&#8243; _module_preset=\u00bbdefault\u00bb width=\u00bb60%\u00bb hover_enabled=\u00bb0&#8243; sticky_enabled=\u00bb0&#8243;][et_pb_column type=\u00bb4_4&#8243; _builder_version=\u00bb4.27.6&#8243; _module_preset=\u00bbdefault\u00bb][et_pb_heading title=\u00bbSomos una empresa inmobiliaria con servicios para inversi\u00f3n \u00bb _builder_version=\u00bb4.27.6&#8243; _module_preset=\u00bbdefault\u00bb title_level=\u00bbh2&#8243; title_text_align=\u00bbcenter\u00bb title_text_color=\u00bb#FFFFFF\u00bb title_font=\u00bb|700|||||||\u00bb hover_enabled=\u00bb0&#8243; sticky_enabled=\u00bb0&#8243;]<\/p>\n<p>[\/et_pb_heading][et_pb_text _builder_version=\u00bb4.27.6&#8243; _module_preset=\u00bbdefault\u00bb text_text_color=\u00bb#FFFFFF\u00bb text_orientation=\u00bbcenter\u00bb hover_enabled=\u00bb0&#8243; sticky_enabled=\u00bb0&#8243;]<\/p>\n<p><span style=\"font-weight: 400;\">Ofrecemos servicios inmobiliarios claros para compradores internacionales interesados en invertir en propiedades en la Costa del Sol. Incluimos asesor\u00eda, gesti\u00f3n inmobiliaria, tr\u00e1mites locales y apoyo para una inversi\u00f3n inmobiliaria en Espa\u00f1a segura.<\/span><\/p>\n<p>[\/et_pb_text][\/et_pb_column][\/et_pb_row][et_pb_row column_structure=\u00bb1_3,1_3,1_3&#8243; use_custom_gutter=\u00bbon\u00bb gutter_width=\u00bb2&#8243; make_equal=\u00bbon\u00bb _builder_version=\u00bb4.19.1&#8243; collapsed=\u00bboff\u00bb global_colors_info=\u00bb{}\u00bb][et_pb_column type=\u00bb1_3&#8243; _builder_version=\u00bb4.19.1&#8243; background_color=\u00bb#FFFFFF\u00bb custom_padding=\u00bb35px|35px|35px|35px|true|true\u00bb global_colors_info=\u00bb{}\u00bb custom_padding__hover=\u00bb|||\u00bb][et_pb_blurb title=\u00bbCONSULTA EN L\u00cdNEA\u00bb use_icon=\u00bbon\u00bb font_icon=\u00bb&#xf3cd;||fa||900&#8243; image_icon_width=\u00bb50px\u00bb _builder_version=\u00bb4.23.1&#8243; _module_preset=\u00bbdefault\u00bb header_font=\u00bb|700|||||||\u00bb body_text_color=\u00bbrgba(0,0,0,0.66)\u00bb text_orientation=\u00bbcenter\u00bb global_colors_info=\u00bb{}\u00bb]<\/p>\n<p>antes de alquilar, vender y trasladarse a Espa\u00f1a<\/p>\n<p>35 EUR \/ 20 min<br \/>60 EUR \/ 1 hora<br \/>(pago anticipado a cuenta)<\/p>\n<p>[\/et_pb_blurb][\/et_pb_column][et_pb_column type=\u00bb1_3&#8243; _builder_version=\u00bb4.16&#8243; background_color=\u00bb#FFFFFF\u00bb custom_padding=\u00bb35px|35px|35px|35px|true|true\u00bb global_colors_info=\u00bb{}\u00bb custom_padding__hover=\u00bb|||\u00bb][et_pb_blurb title=\u00bbGESTI\u00d3N INMOBILIARIA\u00bb use_icon=\u00bbon\u00bb font_icon=\u00bb&#xe066;||fa||900&#8243; image_icon_width=\u00bb50px\u00bb _builder_version=\u00bb4.23.1&#8243; _module_preset=\u00bbdefault\u00bb header_font=\u00bb|700|||||||\u00bb body_text_color=\u00bbrgba(0,0,0,0.66)\u00bb text_orientation=\u00bbcenter\u00bb global_colors_info=\u00bb{}\u00bb]<\/p>\n<p>Gesti\u00f3n de viviendas vac\u00edas durante todo el a\u00f1o<\/p>\n<p>Gesti\u00f3n completa de alquileres de corta duraci\u00f3n<\/p>\n<p>Custodia de llaves<\/p>\n<p>Precio a consultar.<\/p>\n<p>[\/et_pb_blurb][\/et_pb_column][et_pb_column type=\u00bb1_3&#8243; _builder_version=\u00bb4.16&#8243; background_color=\u00bb#FFFFFF\u00bb custom_padding=\u00bb35px|35px|35px|35px|true|true\u00bb global_colors_info=\u00bb{}\u00bb custom_padding__hover=\u00bb|||\u00bb][et_pb_blurb title=\u00bbASISTENCIA IN SITU\u00bb use_icon=\u00bbon\u00bb font_icon=\u00bb&#xe0fd;||divi||400&#8243; image_icon_width=\u00bb50px\u00bb _builder_version=\u00bb4.23.1&#8243; _module_preset=\u00bbdefault\u00bb header_font=\u00bb|700|||||||\u00bb body_text_color=\u00bbrgba(0,0,0,0.66)\u00bb text_orientation=\u00bbcenter\u00bb global_colors_info=\u00bb{}\u00bb]<\/p>\n<p>obtenci\u00f3n de una licencia tur\u00edstica (sin certificado digital) 170 EUR  <\/p>\n<p>concertar una cita, acompa\u00f1ar e interpretar el Certificado digital \/ digital certificate 50 EUR \/ 1 hora<\/p>\n<p>en las oficinas y en otros lugares;<br \/>a petici\u00f3n seg\u00fan la demanda y el tiempo que necesite<\/p>\n<p>[\/et_pb_blurb][\/et_pb_column][\/et_pb_row][et_pb_row use_custom_gutter=\u00bbon\u00bb gutter_width=\u00bb2&#8243; make_equal=\u00bbon\u00bb _builder_version=\u00bb4.19.1&#8243; collapsed=\u00bboff\u00bb global_colors_info=\u00bb{}\u00bb][et_pb_column type=\u00bb4_4&#8243; _builder_version=\u00bb4.19.1&#8243; background_color=\u00bb#FFFFFF\u00bb custom_padding=\u00bb35px|35px|35px|35px|true|true\u00bb global_colors_info=\u00bb{}\u00bb custom_padding__hover=\u00bb|||\u00bb][et_pb_blurb title=\u00bbSERVICIO FINANCIERO\u00bb use_icon=\u00bbon\u00bb font_icon=\u00bb&#xf51e;||fa||900&#8243; image_icon_width=\u00bb50px\u00bb content_max_width=\u00bb800px\u00bb _builder_version=\u00bb4.23.1&#8243; _module_preset=\u00bbdefault\u00bb header_font=\u00bb|700|||||||\u00bb header_text_align=\u00bbcenter\u00bb body_text_color=\u00bbrgba(0,0,0,0.66)\u00bb text_orientation=\u00bbcenter\u00bb global_colors_info=\u00bb{}\u00bb]<\/p>\n<p>Estar\u00e9 encantado de recomendarle una compa\u00f1\u00eda hipotecaria local gratuita para tramitar una hipoteca local para la compra de una propiedad en Espa\u00f1a.<\/p>\n<p>[\/et_pb_blurb][\/et_pb_column][\/et_pb_row][\/et_pb_section][et_pb_section bb_built=\u00bb1&#8243; admin_label=\u00bbFooter\u00bb _builder_version=\u00bb4.20.2&#8243; background_color=\u00bb#c6e5ea\u00bb background_image=\u00bbhttps:\/\/realitycostadelsol.cz\/wp-content\/uploads\/2022\/10\/grass-g6d0b5217c_1920.jpg\u00bb custom_margin=\u00bb90px|60px|30px|60px|false|false\u00bb custom_margin_phone=\u00bb0px|0px|0px|0px\u00bb custom_margin_last_edited=\u00bbon|phone\u00bb hover_enabled=\u00bb0&#8243; saved_tabs=\u00bball\u00bb collapsed=\u00bboff\u00bb global_colors_info=\u00bb{}\u00bb sticky_enabled=\u00bb0&#8243; prev_background_color=\u00bb#ffffff\u00bb next_background_color=\u00bb#ffffff\u00bb global_module=\u00bb144&#8243;][et_pb_row global_parent=\u00bb144&#8243; _builder_version=\u00bb4.16&#8243; global_colors_info=\u00bb{}\u00bb][et_pb_column type=\u00bb4_4&#8243; global_parent=\u00bb144&#8243; _builder_version=\u00bb4.16&#8243; custom_padding=\u00bb40px|||\u00bb global_colors_info=\u00bb{}\u00bb custom_padding__hover=\u00bb|||\u00bb][et_pb_button global_parent=\u00bb144&#8243; _builder_version=\u00bb4.16&#8243; _module_preset=\u00bbdefault\u00bb global_colors_info=\u00bb{}\u00bb \/][et_pb_cta global_parent=\u00bb144&#8243; title=\u00bbEstoy aqu\u00ed para ti\u00bb button_url=\u00bbhttps:\/\/realitycostadelsol.cz\/es\/pongase-en-contacto-con\/\u00bb button_text=\u00bbPonte en contacto conmigo\u00bb _builder_version=\u00bb4.20.2&#8243; _module_preset=\u00bbdefault\u00bb header_font=\u00bb|700|||||||\u00bb background_enable_color=\u00bboff\u00bb custom_button=\u00bbon\u00bb button_bg_color=\u00bb#1b3b87&#8243; button_border_width=\u00bb0px\u00bb button_border_color=\u00bb#1b3b87&#8243; global_colors_info=\u00bb{}\u00bb \/][\/et_pb_column][\/et_pb_row][\/et_pb_section][et_pb_section bb_built=\u00bb1&#8243; admin_label=\u00bbFooter\u00bb _builder_version=\u00bb4.19.0&#8243; custom_margin=\u00bb0px|0px|0px|0px|false|true\u00bb custom_margin_phone=\u00bb0px|0px|0px|0px\u00bb custom_margin_last_edited=\u00bbon|phone\u00bb custom_padding=\u00bb0px||0px||false|false\u00bb saved_tabs=\u00bball\u00bb collapsed=\u00bboff\u00bb global_colors_info=\u00bb{}\u00bb prev_background_color=\u00bb#c6e5ea\u00bb global_module=\u00bb153&#8243;][et_pb_row global_parent=\u00bb153&#8243; _builder_version=\u00bb4.19.0&#8243; _module_preset=\u00bbdefault\u00bb global_colors_info=\u00bb{}\u00bb][et_pb_column type=\u00bb4_4&#8243; global_parent=\u00bb153&#8243; _builder_version=\u00bb4.19.0&#8243; _module_preset=\u00bbdefault\u00bb global_colors_info=\u00bb{}\u00bb][et_pb_social_media_follow global_parent=\u00bb153&#8243; _builder_version=\u00bb4.20.2&#8243; _module_preset=\u00bbdefault\u00bb text_orientation=\u00bbcenter\u00bb width_last_edited=\u00bbon|desktop\u00bb border_radii=\u00bbon|50%|50%|50%|50%\u00bb global_colors_info=\u00bb{}\u00bb][et_pb_social_media_follow_network social_network=\u00bblinkedin\u00bb url=\u00bbhttp:\/\/www.linkedin.com\/in\/jana-horakova-spanelsko\u00bb _builder_version=\u00bb4.19.0&#8243; _module_preset=\u00bbdefault\u00bb background_color=\u00bb#52a7e0&#8243; background_enable_color=\u00bbon\u00bb global_colors_info=\u00bb{}\u00bb follow_button=\u00bboff\u00bb url_new_window=\u00bbon\u00bb]linkedin[\/et_pb_social_media_follow_network][et_pb_social_media_follow_network social_network=\u00bbfacebook\u00bb url=\u00bbhttps:\/\/www.facebook.com\/RealityCostadelSol\u00bb _builder_version=\u00bb4.20.2&#8243; _module_preset=\u00bbdefault\u00bb background_color=\u00bb#3b5998&#8243; global_colors_info=\u00bb{}\u00bb follow_button=\u00bboff\u00bb url_new_window=\u00bbon\u00bb]facebook[\/et_pb_social_media_follow_network][et_pb_social_media_follow_network social_network=\u00bbinstagram\u00bb url=\u00bbhttps:\/\/www.instagram.com\/realitycostadelsol\/\u00bb _builder_version=\u00bb4.20.2&#8243; _module_preset=\u00bbdefault\u00bb background_color=\u00bb#ea2c59&#8243; global_colors_info=\u00bb{}\u00bb follow_button=\u00bboff\u00bb url_new_window=\u00bbon\u00bb]instagram[\/et_pb_social_media_follow_network][\/et_pb_social_media_follow][\/et_pb_column][\/et_pb_row][\/et_pb_section]<\/p>\n","protected":false},"excerpt":{"rendered":"<p>Lista de precios de nuestros servicios inmobiliarios Ofrecemos servicios inmobiliarios claros para compradores internacionales interesados en invertir en propiedades en la Costa del Sol. Incluimos asesor\u00eda, gesti\u00f3n inmobiliaria, tr\u00e1mites locales y apoyo para una inversi\u00f3n inmobiliaria en Espa\u00f1a segura. antes de alquilar, vender y trasladarse a Espa\u00f1a 35 EUR \/ 20 min60 EUR \/ 1 [&hellip;]<\/p>\n","protected":false},"author":1,"featured_media":0,"parent":0,"menu_order":0,"comment_status":"closed","ping_status":"closed","template":"","meta":{"_et_pb_use_builder":"on","_et_pb_old_content":"","_et_gb_content_width":"","footnotes":""},"class_list":["post-8184","page","type-page","status-publish","hentry"],"yoast_head":"<!-- This site is optimized with the Yoast SEO plugin v27.5 - https:\/\/yoast.com\/product\/yoast-seo-wordpress\/ -->\n<title>Servicios inmobiliarios en Costa del Sol. Precios y asesor\u00eda.<\/title>\n<meta name=\"description\" content=\"Servicios inmobiliarios en Costa del Sol con precios claros. Consulta online, gesti\u00f3n inmobiliaria y asistencia local para invertir en propiedades en Espa\u00f1a.\" \/>\n<meta name=\"robots\" content=\"index, follow, max-snippet:-1, max-image-preview:large, max-video-preview:-1\" \/>\n<link rel=\"canonical\" href=\"https:\/\/realitycostadelsol.cz\/es\/lista-de-precios\/\" \/>\n<meta property=\"og:locale\" content=\"es_ES\" \/>\n<meta property=\"og:type\" content=\"article\" \/>\n<meta property=\"og:title\" content=\"Servicios inmobiliarios en Costa del Sol. Precios y asesor\u00eda.\" \/>\n<meta property=\"og:description\" content=\"Servicios inmobiliarios en Costa del Sol con precios claros. Consulta online, gesti\u00f3n inmobiliaria y asistencia local para invertir en propiedades en Espa\u00f1a.\" \/>\n<meta property=\"og:url\" content=\"https:\/\/realitycostadelsol.cz\/es\/lista-de-precios\/\" \/>\n<meta property=\"og:site_name\" content=\"Reality Costa del Sol\" \/>\n<meta property=\"article:modified_time\" content=\"2026-03-24T21:32:42+00:00\" \/>\n<meta name=\"twitter:card\" content=\"summary_large_image\" \/>\n<meta name=\"twitter:label1\" content=\"Tiempo de lectura\" \/>\n\t<meta name=\"twitter:data1\" content=\"1 minuto\" \/>\n<script type=\"application\/ld+json\" class=\"yoast-schema-graph\">{\"@context\":\"https:\\\/\\\/schema.org\",\"@graph\":[{\"@type\":\"WebPage\",\"@id\":\"https:\\\/\\\/realitycostadelsol.cz\\\/es\\\/lista-de-precios\\\/\",\"url\":\"https:\\\/\\\/realitycostadelsol.cz\\\/es\\\/lista-de-precios\\\/\",\"name\":\"Servicios inmobiliarios en Costa del Sol. Precios y asesor\u00eda.\",\"isPartOf\":{\"@id\":\"https:\\\/\\\/realitycostadelsol.cz\\\/es\\\/#website\"},\"datePublished\":\"2022-10-11T13:35:40+00:00\",\"dateModified\":\"2026-03-24T21:32:42+00:00\",\"description\":\"Servicios inmobiliarios en Costa del Sol con precios claros. Consulta online, gesti\u00f3n inmobiliaria y asistencia local para invertir en propiedades en Espa\u00f1a.\",\"breadcrumb\":{\"@id\":\"https:\\\/\\\/realitycostadelsol.cz\\\/es\\\/lista-de-precios\\\/#breadcrumb\"},\"inLanguage\":\"es\",\"potentialAction\":[{\"@type\":\"ReadAction\",\"target\":[\"https:\\\/\\\/realitycostadelsol.cz\\\/es\\\/lista-de-precios\\\/\"]}]},{\"@type\":\"BreadcrumbList\",\"@id\":\"https:\\\/\\\/realitycostadelsol.cz\\\/es\\\/lista-de-precios\\\/#breadcrumb\",\"itemListElement\":[{\"@type\":\"ListItem\",\"position\":1,\"name\":\"Dom\u016f\",\"item\":\"https:\\\/\\\/realitycostadelsol.cz\\\/es\\\/\"},{\"@type\":\"ListItem\",\"position\":2,\"name\":\"Lista de precios\"}]},{\"@type\":\"WebSite\",\"@id\":\"https:\\\/\\\/realitycostadelsol.cz\\\/es\\\/#website\",\"url\":\"https:\\\/\\\/realitycostadelsol.cz\\\/es\\\/\",\"name\":\"Reality Costa del Sol\",\"description\":\"Prodej a pron&aacute;jem reality ve &Scaron;pan\u011blsku\",\"potentialAction\":[{\"@type\":\"SearchAction\",\"target\":{\"@type\":\"EntryPoint\",\"urlTemplate\":\"https:\\\/\\\/realitycostadelsol.cz\\\/es\\\/?s={search_term_string}\"},\"query-input\":{\"@type\":\"PropertyValueSpecification\",\"valueRequired\":true,\"valueName\":\"search_term_string\"}}],\"inLanguage\":\"es\"}]}<\/script>\n<!-- \/ Yoast SEO plugin. -->","yoast_head_json":{"title":"Servicios inmobiliarios en Costa del Sol. Precios y asesor\u00eda.","description":"Servicios inmobiliarios en Costa del Sol con precios claros. Consulta online, gesti\u00f3n inmobiliaria y asistencia local para invertir en propiedades en Espa\u00f1a.","robots":{"index":"index","follow":"follow","max-snippet":"max-snippet:-1","max-image-preview":"max-image-preview:large","max-video-preview":"max-video-preview:-1"},"canonical":"https:\/\/realitycostadelsol.cz\/es\/lista-de-precios\/","og_locale":"es_ES","og_type":"article","og_title":"Servicios inmobiliarios en Costa del Sol. Precios y asesor\u00eda.","og_description":"Servicios inmobiliarios en Costa del Sol con precios claros. Consulta online, gesti\u00f3n inmobiliaria y asistencia local para invertir en propiedades en Espa\u00f1a.","og_url":"https:\/\/realitycostadelsol.cz\/es\/lista-de-precios\/","og_site_name":"Reality Costa del Sol","article_modified_time":"2026-03-24T21:32:42+00:00","twitter_card":"summary_large_image","twitter_misc":{"Tiempo de lectura":"1 minuto"},"schema":{"@context":"https:\/\/schema.org","@graph":[{"@type":"WebPage","@id":"https:\/\/realitycostadelsol.cz\/es\/lista-de-precios\/","url":"https:\/\/realitycostadelsol.cz\/es\/lista-de-precios\/","name":"Servicios inmobiliarios en Costa del Sol. Precios y asesor\u00eda.","isPartOf":{"@id":"https:\/\/realitycostadelsol.cz\/es\/#website"},"datePublished":"2022-10-11T13:35:40+00:00","dateModified":"2026-03-24T21:32:42+00:00","description":"Servicios inmobiliarios en Costa del Sol con precios claros. Consulta online, gesti\u00f3n inmobiliaria y asistencia local para invertir en propiedades en Espa\u00f1a.","breadcrumb":{"@id":"https:\/\/realitycostadelsol.cz\/es\/lista-de-precios\/#breadcrumb"},"inLanguage":"es","potentialAction":[{"@type":"ReadAction","target":["https:\/\/realitycostadelsol.cz\/es\/lista-de-precios\/"]}]},{"@type":"BreadcrumbList","@id":"https:\/\/realitycostadelsol.cz\/es\/lista-de-precios\/#breadcrumb","itemListElement":[{"@type":"ListItem","position":1,"name":"Dom\u016f","item":"https:\/\/realitycostadelsol.cz\/es\/"},{"@type":"ListItem","position":2,"name":"Lista de precios"}]},{"@type":"WebSite","@id":"https:\/\/realitycostadelsol.cz\/es\/#website","url":"https:\/\/realitycostadelsol.cz\/es\/","name":"Reality Costa del Sol","description":"Prodej a pron&aacute;jem reality ve &Scaron;pan\u011blsku","potentialAction":[{"@type":"SearchAction","target":{"@type":"EntryPoint","urlTemplate":"https:\/\/realitycostadelsol.cz\/es\/?s={search_term_string}"},"query-input":{"@type":"PropertyValueSpecification","valueRequired":true,"valueName":"search_term_string"}}],"inLanguage":"es"}]}},"_links":{"self":[{"href":"https:\/\/realitycostadelsol.cz\/es\/wp-json\/wp\/v2\/pages\/8184","targetHints":{"allow":["GET"]}}],"collection":[{"href":"https:\/\/realitycostadelsol.cz\/es\/wp-json\/wp\/v2\/pages"}],"about":[{"href":"https:\/\/realitycostadelsol.cz\/es\/wp-json\/wp\/v2\/types\/page"}],"author":[{"embeddable":true,"href":"https:\/\/realitycostadelsol.cz\/es\/wp-json\/wp\/v2\/users\/1"}],"replies":[{"embeddable":true,"href":"https:\/\/realitycostadelsol.cz\/es\/wp-json\/wp\/v2\/comments?post=8184"}],"version-history":[{"count":15,"href":"https:\/\/realitycostadelsol.cz\/es\/wp-json\/wp\/v2\/pages\/8184\/revisions"}],"predecessor-version":[{"id":10618,"href":"https:\/\/realitycostadelsol.cz\/es\/wp-json\/wp\/v2\/pages\/8184\/revisions\/10618"}],"wp:attachment":[{"href":"https:\/\/realitycostadelsol.cz\/es\/wp-json\/wp\/v2\/media?parent=8184"}],"curies":[{"name":"wp","href":"https:\/\/api.w.org\/{rel}","templated":true}]}}